{"id":2802,"date":"2025-04-04T06:40:12","date_gmt":"2025-04-04T06:40:12","guid":{"rendered":"https:\/\/pgc-technologies.com\/mentions-legales\/"},"modified":"2025-06-06T09:01:20","modified_gmt":"2025-06-06T09:01:20","slug":"mentions-legales","status":"publish","type":"page","link":"https:\/\/pgc-technologies.com\/fr\/mentions-legales\/","title":{"rendered":"Mentions l\u00e9gales"},"content":{"rendered":"\t\t<div data-elementor-type=\"wp-page\" data-elementor-id=\"2802\" class=\"elementor elementor-2802 elementor-2191\" data-elementor-post-type=\"page\">\n\t\t\t\t<div class=\"elementor-element elementor-element-03a92f6 e-flex e-con-boxed e-con e-parent\" data-id=\"03a92f6\" data-element_type=\"container\" data-e-type=\"container\" data-settings=\"{&quot;background_background&quot;:&quot;classic&quot;}\">\n\t\t\t\t\t<div class=\"e-con-inner\">\n\t\t\t\t<div class=\"elementor-element elementor-element-400e42b elementor-widget elementor-widget-heading\" data-id=\"400e42b\" data-element_type=\"widget\" data-e-type=\"widget\" data-widget_type=\"heading.default\">\n\t\t\t\t<div class=\"elementor-widget-container\">\n\t\t\t\t\t<h1 class=\"elementor-heading-title elementor-size-default\">Mentions l\u00e9gales<\/h1>\t\t\t\t<\/div>\n\t\t\t\t<\/div>\n\t\t<div class=\"elementor-element elementor-element-82c0341 e-con-full e-flex e-con e-child\" data-id=\"82c0341\" data-element_type=\"container\" data-e-type=\"container\">\n\t\t\t\t<div class=\"elementor-element elementor-element-6ca6bc8 elementor-widget elementor-widget-text-editor\" data-id=\"6ca6bc8\" data-element_type=\"widget\" data-e-type=\"widget\" data-widget_type=\"text-editor.default\">\n\t\t\t\t<div class=\"elementor-widget-container\">\n\t\t\t\t\t\t\t\t\t<p><strong>Nom de l\u2019entreprise: <\/strong>PGC Technologies AG<\/p><p><strong>Adresse:<\/strong> Case postale 244, 3280 Morat<\/p><p><strong>T\u00e9l\u00e9phone: <\/strong>+41 79 3422 65 41 <strong>Adresse e-mail: <\/strong><a href=\"mailto:info@pgc-technologies.com\">info@pgc-technologies.com<\/a> <\/p><p><strong>Immatriculation au Registre du Commerce: <\/strong>Immatricul\u00e9 au Registre du Commerce du canton de Fribourg<\/p><p><strong>Num\u00e9ro du Registre du Commerce \/ UID:<\/strong> CHE-200.926.157<\/p><p><strong>Directeur g\u00e9n\u00e9ral : <\/strong>Peter Theodor Gschwind<\/p><p><strong>Avertissement :<br><\/strong>Le contenu de ce site web a \u00e9t\u00e9 r\u00e9alis\u00e9 avec le plus grand soin. Toutefois, nous ne pouvons garantir l&rsquo;exactitude, l&rsquo;exhaustivit\u00e9 ni l\u2019actualit\u00e9 des informations fournies.<\/p><p><strong>Liens externes :<br><\/strong>Ce site contient des liens vers des sites web externes de tiers. Nous n&rsquo;avons aucune influence sur leur contenu et d\u00e9clinons donc toute responsabilit\u00e9 \u00e0 cet \u00e9gard. La responsabilit\u00e9 du contenu des pages li\u00e9es incombe exclusivement \u00e0 leurs exploitants respectifs.<\/p><p><strong>Droits d\u2019auteur :<br><\/strong>Les documents, photos et fichiers pr\u00e9sents sur le site web de PGC Technologies sont prot\u00e9g\u00e9s par le droit d\u2019auteur en vigueur, et dans certains cas par des brevets. Les informations relatives \u00e0 certains projets peuvent \u00eatre la propri\u00e9t\u00e9 de tiers Toute reproduction d\u2019un \u00e9l\u00e9ment quelconque n\u00e9cessite une autorisation \u00e9crite pr\u00e9alable.<\/p><p><strong>Protection des donn\u00e9es :<br><\/strong>Vous trouverez des informations sur la protection des donn\u00e9es dans notre <a title=\"D\u00e9claration de confidentialit\u00e9\" href=\"https:\/\/pgc-technologies.com\/fr\/declaration-de-confidentialite\/\" target=\"_blank\" rel=\"noopener\">d\u00e9claration de confidentialit\u00e9.<\/a><\/p><p><strong>Conception et d\u00e9veloppement web :<\/strong><\/p><p>PC-Hilfe Murten, <a title=\"Liens vers PC-Hilfe Murten\" href=\"https:\/\/pchm.ch\" target=\"_blank\" rel=\"noopener\">https:\/\/pchm.ch<\/a><\/p>\t\t\t\t\t\t\t\t<\/div>\n\t\t\t\t<\/div>\n\t\t\t\t<\/div>\n\t\t\t\t\t<\/div>\n\t\t\t\t<\/div>\n\t\t\t\t<\/div>\n\t\t","protected":false},"excerpt":{"rendered":"<p>Mentions l\u00e9gales Nom de l\u2019entreprise: PGC Technologies AG Adresse: Case postale 244, 3280 Morat T\u00e9l\u00e9phone: +41 79 3422 65 41 Adresse e-mail: info@pgc-technologies.com Immatriculation au Registre du Commerce: Immatricul\u00e9 au Registre du Commerce du canton de Fribourg Num\u00e9ro du Registre du Commerce \/ UID: CHE-200.926.157 Directeur g\u00e9n\u00e9ral : Peter Theodor Gschwind Avertissement :Le contenu de [&hellip;]<\/p>\n","protected":false},"author":2,"featured_media":0,"parent":0,"menu_order":0,"comment_status":"closed","ping_status":"closed","template":"","meta":{"footnotes":""},"class_list":["post-2802","page","type-page","status-publish","hentry"],"_links":{"self":[{"href":"https:\/\/pgc-technologies.com\/fr\/wp-json\/wp\/v2\/pages\/2802","targetHints":{"allow":["GET"]}}],"collection":[{"href":"https:\/\/pgc-technologies.com\/fr\/wp-json\/wp\/v2\/pages"}],"about":[{"href":"https:\/\/pgc-technologies.com\/fr\/wp-json\/wp\/v2\/types\/page"}],"author":[{"embeddable":true,"href":"https:\/\/pgc-technologies.com\/fr\/wp-json\/wp\/v2\/users\/2"}],"replies":[{"embeddable":true,"href":"https:\/\/pgc-technologies.com\/fr\/wp-json\/wp\/v2\/comments?post=2802"}],"version-history":[{"count":5,"href":"https:\/\/pgc-technologies.com\/fr\/wp-json\/wp\/v2\/pages\/2802\/revisions"}],"predecessor-version":[{"id":4276,"href":"https:\/\/pgc-technologies.com\/fr\/wp-json\/wp\/v2\/pages\/2802\/revisions\/4276"}],"wp:attachment":[{"href":"https:\/\/pgc-technologies.com\/fr\/wp-json\/wp\/v2\/media?parent=2802"}],"curies":[{"name":"wp","href":"https:\/\/api.w.org\/{rel}","templated":true}]}}