{"id":2796,"date":"2024-10-02T05:58:48","date_gmt":"2024-10-02T05:58:48","guid":{"rendered":"https:\/\/pgc-technologies.com\/services\/innovation-de-produit\/"},"modified":"2025-06-06T08:48:13","modified_gmt":"2025-06-06T08:48:13","slug":"innovation-de-produit","status":"publish","type":"page","link":"https:\/\/pgc-technologies.com\/fr\/services\/innovation-de-produit\/","title":{"rendered":"Innovation de produit"},"content":{"rendered":"\t\t<div data-elementor-type=\"wp-page\" data-elementor-id=\"2796\" class=\"elementor elementor-2796 elementor-1598\" data-elementor-post-type=\"page\">\n\t\t\t\t<div class=\"elementor-element elementor-element-5a429d2d e-flex e-con-boxed e-con e-parent\" data-id=\"5a429d2d\" data-element_type=\"container\" data-e-type=\"container\" data-settings=\"{&quot;background_background&quot;:&quot;classic&quot;}\">\n\t\t\t\t\t<div class=\"e-con-inner\">\n\t\t<div class=\"elementor-element elementor-element-64a102e7 e-con-full e-flex e-con e-child\" data-id=\"64a102e7\" data-element_type=\"container\" data-e-type=\"container\">\n\t\t\t\t<div class=\"elementor-element elementor-element-387906b0 elementor-widget elementor-widget-heading\" data-id=\"387906b0\" data-element_type=\"widget\" data-e-type=\"widget\" data-widget_type=\"heading.default\">\n\t\t\t\t<div class=\"elementor-widget-container\">\n\t\t\t\t\t<h2 class=\"elementor-heading-title elementor-size-default\">Innovation de produit<\/h2>\t\t\t\t<\/div>\n\t\t\t\t<\/div>\n\t\t<div class=\"elementor-element elementor-element-489acc5f e-con-full e-flex e-con e-child\" data-id=\"489acc5f\" data-element_type=\"container\" data-e-type=\"container\">\n\t\t\t\t<div class=\"elementor-element elementor-element-386e0bad elementor-widget elementor-widget-text-editor\" data-id=\"386e0bad\" data-element_type=\"widget\" data-e-type=\"widget\" data-widget_type=\"text-editor.default\">\n\t\t\t\t<div class=\"elementor-widget-container\">\n\t\t\t\t\t\t\t\t\t<p>Le succ\u00e8s de l&rsquo;industrie horlog\u00e8re suisse repose sur sa capacit\u00e9 \u00e0 se r\u00e9inventer constamment et \u00e0 offrir une v\u00e9ritable valeur ajout\u00e9e au consommateur. Cela vaut aussi bien pour la haute horlogerie exclusive que pour les marques \u00e0 fort volume.<\/p><p>La cr\u00e9ativit\u00e9 et l&rsquo;esprit d&rsquo;invention, associ\u00e9s \u00e0 la qu\u00eate constante d&rsquo;am\u00e9lioration et de perfection, constituent la base de la cr\u00e9ation de produits innovants et uniques &#8211; des montres qui surprennent, convainquent et conqui\u00e8rent le c\u0153ur de leurs acheteurs.<\/p><p>L&rsquo;innovation est le pilier de toute politique de produit r\u00e9ussie et va du d\u00e9veloppement de nouvelles fonctions \u00e0 l&rsquo;utilisation de nouveaux mat\u00e9riaux en passant par la mise en \u0153uvre de nouvelles technologies de fabrication. L&rsquo;innovation peut viser \u00e0 optimiser des composants individuels du mouvement de la montre ou \u00e0 r\u00e9interpr\u00e9ter compl\u00e8tement la montre. Le spectre est large. Correctement int\u00e9gr\u00e9 dans le processus global de l&rsquo;entreprise, l&rsquo;innovation de produit cr\u00e9e une valeur ajout\u00e9e durable pour la marque.<\/p><p>Selon la situation de d\u00e9part et la mission, nous pouvons vous soutenir ponctuellement dans le processus d&rsquo;innovation avec notre \u00e9quipe interdisciplinaire, ou nous pouvons prendre en charge des mandats complets allant du d\u00e9veloppement \u00e0 la protection de la propri\u00e9t\u00e9 intellectuelle jusqu&rsquo;\u00e0 l&rsquo;industrialisation.<\/p><p>Exemples : Nouveaux mouvements de montres &#8211; Nouveaux concepts de montres &#8211; Nouvelles technologies de fabrication<\/p>\t\t\t\t\t\t\t\t<\/div>\n\t\t\t\t<\/div>\n\t\t\t\t<\/div>\n\t\t\t\t<\/div>\n\t\t\t\t\t<\/div>\n\t\t\t\t<\/div>\n\t\t<div class=\"elementor-element elementor-element-a235bf8 e-flex e-con-boxed e-con e-parent\" data-id=\"a235bf8\" data-element_type=\"container\" data-e-type=\"container\" data-settings=\"{&quot;background_background&quot;:&quot;classic&quot;}\">\n\t\t\t\t\t<div class=\"e-con-inner\">\n\t\t<div class=\"elementor-element elementor-element-7684be4 e-con-full e-flex e-con e-child\" data-id=\"7684be4\" data-element_type=\"container\" data-e-type=\"container\">\n\t\t\t\t<div class=\"elementor-element elementor-element-fea1bb6 elementor-widget elementor-widget-image\" data-id=\"fea1bb6\" data-element_type=\"widget\" data-e-type=\"widget\" data-widget_type=\"image.default\">\n\t\t\t\t<div class=\"elementor-widget-container\">\n\t\t\t\t\t\t\t\t\t\t\t\t\t\t\t<img fetchpriority=\"high\" decoding=\"async\" width=\"667\" height=\"800\" src=\"https:\/\/pgc-technologies.com\/wp-content\/uploads\/2025\/04\/produktinnovation-1.png\" class=\"attachment-full size-full wp-image-2731\" alt=\"Produktinnovation Uhrwerk, PGC Technologies AG\" srcset=\"https:\/\/pgc-technologies.com\/wp-content\/uploads\/2025\/04\/produktinnovation-1.png 667w, https:\/\/pgc-technologies.com\/wp-content\/uploads\/2025\/04\/produktinnovation-1-250x300.png 250w\" sizes=\"(max-width: 667px) 100vw, 667px\" \/>\t\t\t\t\t\t\t\t\t\t\t\t\t\t\t<\/div>\n\t\t\t\t<\/div>\n\t\t\t\t<\/div>\n\t\t<div class=\"elementor-element elementor-element-b4da6b6 e-con-full e-flex e-con e-child\" data-id=\"b4da6b6\" data-element_type=\"container\" data-e-type=\"container\">\n\t\t\t\t<div class=\"elementor-element elementor-element-0578f65 elementor-widget elementor-widget-image\" data-id=\"0578f65\" data-element_type=\"widget\" data-e-type=\"widget\" data-widget_type=\"image.default\">\n\t\t\t\t<div class=\"elementor-widget-container\">\n\t\t\t\t\t\t\t\t\t\t\t\t\t\t\t<img decoding=\"async\" width=\"550\" height=\"800\" src=\"https:\/\/pgc-technologies.com\/wp-content\/uploads\/2025\/04\/produktinnovation-2.png\" class=\"attachment-full size-full wp-image-2734\" alt=\"Produktinnovation Uhr, PGC Technologies AG\" srcset=\"https:\/\/pgc-technologies.com\/wp-content\/uploads\/2025\/04\/produktinnovation-2.png 550w, https:\/\/pgc-technologies.com\/wp-content\/uploads\/2025\/04\/produktinnovation-2-206x300.png 206w\" sizes=\"(max-width: 550px) 100vw, 550px\" \/>\t\t\t\t\t\t\t\t\t\t\t\t\t\t\t<\/div>\n\t\t\t\t<\/div>\n\t\t\t\t<\/div>\n\t\t<div class=\"elementor-element elementor-element-13b1088 e-con-full e-flex e-con e-child\" data-id=\"13b1088\" data-element_type=\"container\" data-e-type=\"container\">\n\t\t\t\t<div class=\"elementor-element elementor-element-512261d elementor-widget elementor-widget-image\" data-id=\"512261d\" data-element_type=\"widget\" data-e-type=\"widget\" data-widget_type=\"image.default\">\n\t\t\t\t<div class=\"elementor-widget-container\">\n\t\t\t\t\t\t\t\t\t\t\t\t\t\t\t<img decoding=\"async\" width=\"867\" height=\"800\" src=\"https:\/\/pgc-technologies.com\/wp-content\/uploads\/2025\/04\/produktinnovation-3.png\" class=\"attachment-full size-full wp-image-2737\" alt=\"Produktinnovation PGC Technologies AG\" srcset=\"https:\/\/pgc-technologies.com\/wp-content\/uploads\/2025\/04\/produktinnovation-3.png 867w, https:\/\/pgc-technologies.com\/wp-content\/uploads\/2025\/04\/produktinnovation-3-300x277.png 300w, https:\/\/pgc-technologies.com\/wp-content\/uploads\/2025\/04\/produktinnovation-3-768x709.png 768w\" sizes=\"(max-width: 867px) 100vw, 867px\" \/>\t\t\t\t\t\t\t\t\t\t\t\t\t\t\t<\/div>\n\t\t\t\t<\/div>\n\t\t\t\t<\/div>\n\t\t\t\t\t<\/div>\n\t\t\t\t<\/div>\n\t\t<div class=\"elementor-element elementor-element-35485a0 e-flex e-con-boxed e-con e-parent\" data-id=\"35485a0\" data-element_type=\"container\" data-e-type=\"container\">\n\t\t\t\t\t<div class=\"e-con-inner\">\n\t\t\t\t<div class=\"elementor-element elementor-element-a7382b9 elementor-widget elementor-widget-spacer\" data-id=\"a7382b9\" data-element_type=\"widget\" data-e-type=\"widget\" data-widget_type=\"spacer.default\">\n\t\t\t\t<div class=\"elementor-widget-container\">\n\t\t\t\t\t\t\t<div class=\"elementor-spacer\">\n\t\t\t<div class=\"elementor-spacer-inner\"><\/div>\n\t\t<\/div>\n\t\t\t\t\t\t<\/div>\n\t\t\t\t<\/div>\n\t\t\t\t\t<\/div>\n\t\t\t\t<\/div>\n\t\t\t\t<\/div>\n\t\t","protected":false},"excerpt":{"rendered":"<p>Innovation de produit Le succ\u00e8s de l&rsquo;industrie horlog\u00e8re suisse repose sur sa capacit\u00e9 \u00e0 se r\u00e9inventer constamment et \u00e0 offrir une v\u00e9ritable valeur ajout\u00e9e au consommateur. Cela vaut aussi bien pour la haute horlogerie exclusive que pour les marques \u00e0 fort volume. La cr\u00e9ativit\u00e9 et l&rsquo;esprit d&rsquo;invention, associ\u00e9s \u00e0 la qu\u00eate constante d&rsquo;am\u00e9lioration et de [&hellip;]<\/p>\n","protected":false},"author":2,"featured_media":0,"parent":2787,"menu_order":0,"comment_status":"closed","ping_status":"closed","template":"","meta":{"footnotes":""},"class_list":["post-2796","page","type-page","status-publish","hentry"],"_links":{"self":[{"href":"https:\/\/pgc-technologies.com\/fr\/wp-json\/wp\/v2\/pages\/2796","targetHints":{"allow":["GET"]}}],"collection":[{"href":"https:\/\/pgc-technologies.com\/fr\/wp-json\/wp\/v2\/pages"}],"about":[{"href":"https:\/\/pgc-technologies.com\/fr\/wp-json\/wp\/v2\/types\/page"}],"author":[{"embeddable":true,"href":"https:\/\/pgc-technologies.com\/fr\/wp-json\/wp\/v2\/users\/2"}],"replies":[{"embeddable":true,"href":"https:\/\/pgc-technologies.com\/fr\/wp-json\/wp\/v2\/comments?post=2796"}],"version-history":[{"count":5,"href":"https:\/\/pgc-technologies.com\/fr\/wp-json\/wp\/v2\/pages\/2796\/revisions"}],"predecessor-version":[{"id":4459,"href":"https:\/\/pgc-technologies.com\/fr\/wp-json\/wp\/v2\/pages\/2796\/revisions\/4459"}],"up":[{"embeddable":true,"href":"https:\/\/pgc-technologies.com\/fr\/wp-json\/wp\/v2\/pages\/2787"}],"wp:attachment":[{"href":"https:\/\/pgc-technologies.com\/fr\/wp-json\/wp\/v2\/media?parent=2796"}],"curies":[{"name":"wp","href":"https:\/\/api.w.org\/{rel}","templated":true}]}}