{"id":2791,"date":"2024-10-02T05:57:04","date_gmt":"2024-10-02T05:57:04","guid":{"rendered":"https:\/\/pgc-technologies.com\/services\/kalibermontage\/"},"modified":"2025-06-06T08:46:18","modified_gmt":"2025-06-06T08:46:18","slug":"kalibermontage","status":"publish","type":"page","link":"https:\/\/pgc-technologies.com\/fr\/services\/kalibermontage\/","title":{"rendered":"Assemblage de calibre"},"content":{"rendered":"\t\t<div data-elementor-type=\"wp-page\" data-elementor-id=\"2791\" class=\"elementor elementor-2791 elementor-1594\" data-elementor-post-type=\"page\">\n\t\t\t\t<div class=\"elementor-element elementor-element-3950c570 e-flex e-con-boxed e-con e-parent\" data-id=\"3950c570\" data-element_type=\"container\" data-e-type=\"container\" data-settings=\"{&quot;background_background&quot;:&quot;classic&quot;}\">\n\t\t\t\t\t<div class=\"e-con-inner\">\n\t\t<div class=\"elementor-element elementor-element-d6f5341 e-con-full e-flex e-con e-child\" data-id=\"d6f5341\" data-element_type=\"container\" data-e-type=\"container\">\n\t\t\t\t<div class=\"elementor-element elementor-element-46801d80 elementor-widget elementor-widget-heading\" data-id=\"46801d80\" data-element_type=\"widget\" data-e-type=\"widget\" data-widget_type=\"heading.default\">\n\t\t\t\t<div class=\"elementor-widget-container\">\n\t\t\t\t\t<h1 class=\"elementor-heading-title elementor-size-default\">Assemblage de calibre adapt\u00e9 \u00e0 la ligne de montage avec des proc\u00e9dures d\u00e9finies et des photos en HTML pour l'\u00e9cran d'instructions.<\/h1>\t\t\t\t<\/div>\n\t\t\t\t<\/div>\n\t\t<div class=\"elementor-element elementor-element-4b786ed1 e-con-full e-flex e-con e-child\" data-id=\"4b786ed1\" data-element_type=\"container\" data-e-type=\"container\">\n\t\t\t\t<div class=\"elementor-element elementor-element-17719b10 elementor-widget elementor-widget-text-editor\" data-id=\"17719b10\" data-element_type=\"widget\" data-e-type=\"widget\" data-widget_type=\"text-editor.default\">\n\t\t\t\t<div class=\"elementor-widget-container\">\n\t\t\t\t\t\t\t\t\t<p>Lors de l&rsquo;assemblage du calibre par du personnel semi-qualifi\u00e9s, il y a quelques particularit\u00e9s par rapport au montage traditionnel. Comme tous les composants sont huil\u00e9s automatiquement par \u00e9tapes, ils doivent \u00eatre disponibles \u00e0 temps pour l\u2019assemblage s\u00e9quentiel. Selon la complexit\u00e9, l\u2019assemblage comprend de 3 \u00e0 6 \u00e9tapes, dont la plupart n\u00e9cessitent des temps de sous-assemblage similaires.<\/p><p>C&rsquo;est pourquoi le plan de montage est diff\u00e9rent et comprend \u00e9galement le placement des composants ou des sous-assemblages sur une plaque de support, qui peut \u00e9galement \u00eatre utilis\u00e9e pour des op\u00e9rations de pr\u00e9-assemblages. <\/p><p>Les images sont professionnellement retravaill\u00e9es afin que les employ\u00e9s voient la m\u00eame image sur l&rsquo;\u00e9cran qu&rsquo;ils ont devant eux sur le poste de montage. Les erreurs de manipulation, les erreurs de contr\u00f4le et les outils \u00e0 utiliser sont \u00e9galement affich\u00e9s. Toutes les donn\u00e9es de traitement sont enregistr\u00e9es et montrent les capacit\u00e9s et les temps. L\u2019identification RFID de chaque mouvement permet l\u2019\u00e9valuation qualitative du travail.<\/p><p>Si la ligne d&rsquo;assemblage est utilis\u00e9e pour les r\u00e9parations, au tout d\u00e9but des op\u00e9rations le mouvement nettoy\u00e9 est connect\u00e9 au porte-pi\u00e8ce pour le futur assemblage par le personnel semi-qualifi\u00e9. Cela garantit que le client r\u00e9cup\u00e8re son mouvement d&rsquo;horloge envoy\u00e9. Cela se produit au d\u00e9but d&rsquo;une nouvelle s\u00e9rie de l&#8217;employ\u00e9. <\/p><p>Nous cr\u00e9ons les plans d&rsquo;assemblage de calibre adapt\u00e9s \u00e0 la ligne de montage avec les proc\u00e9dures et \u00e9tapes d\u00e9finies et avec des photos en HTML pour les \u00e9crans d&rsquo;instructions sur les postes de travail.<\/p><p>Lors de la r\u00e9paration traditionnelle, jusqu&rsquo;\u00e0 30 % de probl\u00e8mes de qualit\u00e9 surviennent avec une recherche de d\u00e9fauts chronophage. Une bonne formation et instruction garantissent un montage plus rapide, des crit\u00e8res de contr\u00f4le clairs des \u00e9tapes s\u00e9quentielles et une meilleure qualit\u00e9.<\/p>\t\t\t\t\t\t\t\t<\/div>\n\t\t\t\t<\/div>\n\t\t\t\t<\/div>\n\t\t\t\t<\/div>\n\t\t\t\t\t<\/div>\n\t\t\t\t<\/div>\n\t\t<div class=\"elementor-element elementor-element-b275d5e e-flex e-con-boxed e-con e-parent\" data-id=\"b275d5e\" data-element_type=\"container\" data-e-type=\"container\" data-settings=\"{&quot;background_background&quot;:&quot;classic&quot;}\">\n\t\t\t\t\t<div class=\"e-con-inner\">\n\t\t<div class=\"elementor-element elementor-element-a704a71 e-con-full e-flex e-con e-child\" data-id=\"a704a71\" data-element_type=\"container\" data-e-type=\"container\">\n\t\t\t\t<div class=\"elementor-element elementor-element-fc0d82e elementor-widget elementor-widget-image\" data-id=\"fc0d82e\" data-element_type=\"widget\" data-e-type=\"widget\" data-widget_type=\"image.default\">\n\t\t\t\t<div class=\"elementor-widget-container\">\n\t\t\t\t\t\t\t\t\t\t\t\t\t\t\t<img fetchpriority=\"high\" decoding=\"async\" width=\"800\" height=\"462\" src=\"https:\/\/pgc-technologies.com\/wp-content\/uploads\/2025\/04\/positionierung-1.png\" class=\"attachment-large size-large wp-image-2540\" alt=\"Kaliberpositionierung, PGC Technologies AG\" srcset=\"https:\/\/pgc-technologies.com\/wp-content\/uploads\/2025\/04\/positionierung-1.png 800w, https:\/\/pgc-technologies.com\/wp-content\/uploads\/2025\/04\/positionierung-1-300x173.png 300w, https:\/\/pgc-technologies.com\/wp-content\/uploads\/2025\/04\/positionierung-1-768x444.png 768w\" sizes=\"(max-width: 800px) 100vw, 800px\" \/>\t\t\t\t\t\t\t\t\t\t\t\t\t\t\t<\/div>\n\t\t\t\t<\/div>\n\t\t\t\t<\/div>\n\t\t<div class=\"elementor-element elementor-element-a45cc39 e-con-full e-flex e-con e-child\" data-id=\"a45cc39\" data-element_type=\"container\" data-e-type=\"container\">\n\t\t\t\t<div class=\"elementor-element elementor-element-2991c9e elementor-widget elementor-widget-image\" data-id=\"2991c9e\" data-element_type=\"widget\" data-e-type=\"widget\" data-widget_type=\"image.default\">\n\t\t\t\t<div class=\"elementor-widget-container\">\n\t\t\t\t\t\t\t\t\t\t\t\t\t\t\t<img decoding=\"async\" width=\"800\" height=\"467\" src=\"https:\/\/pgc-technologies.com\/wp-content\/uploads\/2025\/04\/positionierung-2.png\" class=\"attachment-large size-large wp-image-2543\" alt=\"Montage von\" srcset=\"https:\/\/pgc-technologies.com\/wp-content\/uploads\/2025\/04\/positionierung-2.png 800w, https:\/\/pgc-technologies.com\/wp-content\/uploads\/2025\/04\/positionierung-2-300x175.png 300w, https:\/\/pgc-technologies.com\/wp-content\/uploads\/2025\/04\/positionierung-2-768x448.png 768w\" sizes=\"(max-width: 800px) 100vw, 800px\" \/>\t\t\t\t\t\t\t\t\t\t\t\t\t\t\t<\/div>\n\t\t\t\t<\/div>\n\t\t\t\t<\/div>\n\t\t<div class=\"elementor-element elementor-element-ef99cfe e-con-full e-flex e-con e-child\" data-id=\"ef99cfe\" data-element_type=\"container\" data-e-type=\"container\">\n\t\t\t\t<div class=\"elementor-element elementor-element-4d090b3 elementor-widget elementor-widget-image\" data-id=\"4d090b3\" data-element_type=\"widget\" data-e-type=\"widget\" data-widget_type=\"image.default\">\n\t\t\t\t<div class=\"elementor-widget-container\">\n\t\t\t\t\t\t\t\t\t\t\t\t\t\t\t<img decoding=\"async\" width=\"800\" height=\"465\" src=\"https:\/\/pgc-technologies.com\/wp-content\/uploads\/2025\/04\/positionierung-3.png\" class=\"attachment-large size-large wp-image-2546\" alt=\"Montage R\u00e4der, PGC Technologies AG\" srcset=\"https:\/\/pgc-technologies.com\/wp-content\/uploads\/2025\/04\/positionierung-3.png 800w, https:\/\/pgc-technologies.com\/wp-content\/uploads\/2025\/04\/positionierung-3-300x174.png 300w, https:\/\/pgc-technologies.com\/wp-content\/uploads\/2025\/04\/positionierung-3-768x446.png 768w\" sizes=\"(max-width: 800px) 100vw, 800px\" \/>\t\t\t\t\t\t\t\t\t\t\t\t\t\t\t<\/div>\n\t\t\t\t<\/div>\n\t\t\t\t<\/div>\n\t\t\t\t\t<\/div>\n\t\t\t\t<\/div>\n\t\t\t\t<\/div>\n\t\t","protected":false},"excerpt":{"rendered":"<p>Assemblage de calibre adapt\u00e9 \u00e0 la ligne de montage avec des proc\u00e9dures d\u00e9finies et des photos en HTML pour l&rsquo;\u00e9cran d&rsquo;instructions. Lors de l&rsquo;assemblage du calibre par du personnel semi-qualifi\u00e9s, il y a quelques particularit\u00e9s par rapport au montage traditionnel. Comme tous les composants sont huil\u00e9s automatiquement par \u00e9tapes, ils doivent \u00eatre disponibles \u00e0 temps [&hellip;]<\/p>\n","protected":false},"author":2,"featured_media":0,"parent":2787,"menu_order":0,"comment_status":"closed","ping_status":"closed","template":"","meta":{"footnotes":""},"class_list":["post-2791","page","type-page","status-publish","hentry"],"_links":{"self":[{"href":"https:\/\/pgc-technologies.com\/fr\/wp-json\/wp\/v2\/pages\/2791","targetHints":{"allow":["GET"]}}],"collection":[{"href":"https:\/\/pgc-technologies.com\/fr\/wp-json\/wp\/v2\/pages"}],"about":[{"href":"https:\/\/pgc-technologies.com\/fr\/wp-json\/wp\/v2\/types\/page"}],"author":[{"embeddable":true,"href":"https:\/\/pgc-technologies.com\/fr\/wp-json\/wp\/v2\/users\/2"}],"replies":[{"embeddable":true,"href":"https:\/\/pgc-technologies.com\/fr\/wp-json\/wp\/v2\/comments?post=2791"}],"version-history":[{"count":5,"href":"https:\/\/pgc-technologies.com\/fr\/wp-json\/wp\/v2\/pages\/2791\/revisions"}],"predecessor-version":[{"id":4457,"href":"https:\/\/pgc-technologies.com\/fr\/wp-json\/wp\/v2\/pages\/2791\/revisions\/4457"}],"up":[{"embeddable":true,"href":"https:\/\/pgc-technologies.com\/fr\/wp-json\/wp\/v2\/pages\/2787"}],"wp:attachment":[{"href":"https:\/\/pgc-technologies.com\/fr\/wp-json\/wp\/v2\/media?parent=2791"}],"curies":[{"name":"wp","href":"https:\/\/api.w.org\/{rel}","templated":true}]}}