{"id":2762,"date":"2024-10-02T05:55:22","date_gmt":"2024-10-02T05:55:22","guid":{"rendered":"https:\/\/pgc-technologies.com\/produits\/appareils-individuels-pour-ligne-de-montage\/"},"modified":"2025-06-06T08:43:26","modified_gmt":"2025-06-06T08:43:26","slug":"appareils-individuels-pour-ligne-de-montage","status":"publish","type":"page","link":"https:\/\/pgc-technologies.com\/fr\/produits\/appareils-individuels-pour-ligne-de-montage\/","title":{"rendered":"Appareils individuels de la ligne d&rsquo;assemblage"},"content":{"rendered":"\t\t<div data-elementor-type=\"wp-page\" data-elementor-id=\"2762\" class=\"elementor elementor-2762 elementor-1590\" data-elementor-post-type=\"page\">\n\t\t\t\t<div class=\"elementor-element elementor-element-312bf6a1 e-flex e-con-boxed e-con e-parent\" data-id=\"312bf6a1\" data-element_type=\"container\" data-e-type=\"container\" data-settings=\"{&quot;background_background&quot;:&quot;classic&quot;}\">\n\t\t\t\t\t<div class=\"e-con-inner\">\n\t\t<div class=\"elementor-element elementor-element-56581f2f e-con-full e-flex e-con e-child\" data-id=\"56581f2f\" data-element_type=\"container\" data-e-type=\"container\">\n\t\t\t\t<div class=\"elementor-element elementor-element-79ce9392 elementor-widget elementor-widget-heading\" data-id=\"79ce9392\" data-element_type=\"widget\" data-e-type=\"widget\" data-widget_type=\"heading.default\">\n\t\t\t\t<div class=\"elementor-widget-container\">\n\t\t\t\t\t<h2 class=\"elementor-heading-title elementor-size-default\">Appareils individuels de la ligne d'assemblage PGC-ML01 pour des solutions sp\u00e9cifiques.<\/h2>\t\t\t\t<\/div>\n\t\t\t\t<\/div>\n\t\t<div class=\"elementor-element elementor-element-b253670 e-con-full e-flex e-con e-child\" data-id=\"b253670\" data-element_type=\"container\" data-e-type=\"container\">\n\t\t\t\t<div class=\"elementor-element elementor-element-3b5da87 elementor-widget elementor-widget-heading\" data-id=\"3b5da87\" data-element_type=\"widget\" data-e-type=\"widget\" data-widget_type=\"heading.default\">\n\t\t\t\t<div class=\"elementor-widget-container\">\n\t\t\t\t\t<h3 class=\"elementor-heading-title elementor-size-default\">Unit\u00e9 de contr\u00f4le de montage (IA et\/ou vision)<\/h3>\t\t\t\t<\/div>\n\t\t\t\t<\/div>\n\t\t\t\t<div class=\"elementor-element elementor-element-2b8859c3 elementor-widget elementor-widget-text-editor\" data-id=\"2b8859c3\" data-element_type=\"widget\" data-e-type=\"widget\" data-widget_type=\"text-editor.default\">\n\t\t\t\t<div class=\"elementor-widget-container\">\n\t\t\t\t\t\t\t\t\t<p>L&rsquo;appareil contr\u00f4le apr\u00e8s chaque \u00e9tape s\u00e9quentielle si tout les composants sont correctement mont\u00e9. En option, il peut \u00e9galement v\u00e9rifier si les vis ne sont pas endommag\u00e9es, s&rsquo;il y a des marques de doigts sur le mouvement ou si des rayures ont \u00e9t\u00e9 caus\u00e9es. Des contr\u00f4les suppl\u00e9mentaires tels que des dentures d&rsquo;engrenages, etc., sont \u00e9galement possibles.<\/p>\t\t\t\t\t\t\t\t<\/div>\n\t\t\t\t<\/div>\n\t\t\t\t<div class=\"elementor-element elementor-element-bf36692 elementor-widget elementor-widget-image\" data-id=\"bf36692\" data-element_type=\"widget\" data-e-type=\"widget\" data-widget_type=\"image.default\">\n\t\t\t\t<div class=\"elementor-widget-container\">\n\t\t\t\t\t\t\t\t\t\t\t\t\t\t\t<img fetchpriority=\"high\" decoding=\"async\" width=\"800\" height=\"930\" src=\"https:\/\/pgc-technologies.com\/wp-content\/uploads\/2025\/04\/Kontrolloeinheit-Montage-881x1024.jpg\" class=\"attachment-large size-large wp-image-2228\" alt=\"Kontolleinheit Montage - PGC-Technologies AG\" srcset=\"https:\/\/pgc-technologies.com\/wp-content\/uploads\/2025\/04\/Kontrolloeinheit-Montage-881x1024.jpg 881w, https:\/\/pgc-technologies.com\/wp-content\/uploads\/2025\/04\/Kontrolloeinheit-Montage-258x300.jpg 258w, https:\/\/pgc-technologies.com\/wp-content\/uploads\/2025\/04\/Kontrolloeinheit-Montage-768x892.jpg 768w, https:\/\/pgc-technologies.com\/wp-content\/uploads\/2025\/04\/Kontrolloeinheit-Montage.jpg 1033w\" sizes=\"(max-width: 800px) 100vw, 800px\" \/>\t\t\t\t\t\t\t\t\t\t\t\t\t\t\t<\/div>\n\t\t\t\t<\/div>\n\t\t\t\t<\/div>\n\t\t<div class=\"elementor-element elementor-element-e7d593c e-con-full e-flex e-con e-child\" data-id=\"e7d593c\" data-element_type=\"container\" data-e-type=\"container\">\n\t\t\t\t<div class=\"elementor-element elementor-element-f50e649 elementor-widget elementor-widget-heading\" data-id=\"f50e649\" data-element_type=\"widget\" data-e-type=\"widget\" data-widget_type=\"heading.default\">\n\t\t\t\t<div class=\"elementor-widget-container\">\n\t\t\t\t\t<h3 class=\"elementor-heading-title elementor-size-default\">Unit\u00e9 de remontage automatique <\/h3>\t\t\t\t<\/div>\n\t\t\t\t<\/div>\n\t\t\t\t<div class=\"elementor-element elementor-element-fe12514 elementor-widget elementor-widget-text-editor\" data-id=\"fe12514\" data-element_type=\"widget\" data-e-type=\"widget\" data-widget_type=\"text-editor.default\">\n\t\t\t\t<div class=\"elementor-widget-container\">\n\t\t\t\t\t\t\t\t\t<p>Convient \u00e0 tous les types de mouvements. L&rsquo;unit\u00e9 de remontage automatique peut \u00eatre install\u00e9e sur un convoyeur ou sur une station. L&rsquo;installation est contr\u00f4l\u00e9e et sait toujours quel calibre arrive; elle est con\u00e7ue pour \u00eatre ind\u00e9pendante du calibre et n&rsquo;a pas besoin d&rsquo;\u00eatre ajust\u00e9e aux calibres changeants.<\/p>\t\t\t\t\t\t\t\t<\/div>\n\t\t\t\t<\/div>\n\t\t\t\t<div class=\"elementor-element elementor-element-e6ecb47 elementor-widget elementor-widget-image\" data-id=\"e6ecb47\" data-element_type=\"widget\" data-e-type=\"widget\" data-widget_type=\"image.default\">\n\t\t\t\t<div class=\"elementor-widget-container\">\n\t\t\t\t\t\t\t\t\t\t\t\t\t\t\t<img decoding=\"async\" width=\"782\" height=\"1200\" src=\"https:\/\/pgc-technologies.com\/wp-content\/uploads\/2025\/04\/automatische-Aufzieheinheit.jpg\" class=\"attachment-full size-full wp-image-2225\" alt=\"Automatische Aufzugseinheit - PGC Technologies AG\" srcset=\"https:\/\/pgc-technologies.com\/wp-content\/uploads\/2025\/04\/automatische-Aufzieheinheit.jpg 782w, https:\/\/pgc-technologies.com\/wp-content\/uploads\/2025\/04\/automatische-Aufzieheinheit-196x300.jpg 196w, https:\/\/pgc-technologies.com\/wp-content\/uploads\/2025\/04\/automatische-Aufzieheinheit-667x1024.jpg 667w, https:\/\/pgc-technologies.com\/wp-content\/uploads\/2025\/04\/automatische-Aufzieheinheit-768x1179.jpg 768w\" sizes=\"(max-width: 782px) 100vw, 782px\" \/>\t\t\t\t\t\t\t\t\t\t\t\t\t\t\t<\/div>\n\t\t\t\t<\/div>\n\t\t\t\t<\/div>\n\t\t<div class=\"elementor-element elementor-element-62f9a6e e-con-full e-flex e-con e-child\" data-id=\"62f9a6e\" data-element_type=\"container\" data-e-type=\"container\">\n\t\t\t\t<div class=\"elementor-element elementor-element-053cf9e elementor-widget elementor-widget-heading\" data-id=\"053cf9e\" data-element_type=\"widget\" data-e-type=\"widget\" data-widget_type=\"heading.default\">\n\t\t\t\t<div class=\"elementor-widget-container\">\n\t\t\t\t\t<h3 class=\"elementor-heading-title elementor-size-default\">Dispositif de retournement de mouvement <\/h3>\t\t\t\t<\/div>\n\t\t\t\t<\/div>\n\t\t\t\t<div class=\"elementor-element elementor-element-32a50bf elementor-widget elementor-widget-text-editor\" data-id=\"32a50bf\" data-element_type=\"widget\" data-e-type=\"widget\" data-widget_type=\"text-editor.default\">\n\t\t\t\t<div class=\"elementor-widget-container\">\n\t\t\t\t\t\t\t\t\t<p>Le dispositif de retournement de mouvement peut \u00eatre utilis\u00e9 sur une ligne automatique, dans des stations d&rsquo;assemblage automatiques et dans des processus de lubrification automatiques.<\/p>\t\t\t\t\t\t\t\t<\/div>\n\t\t\t\t<\/div>\n\t\t\t\t<div class=\"elementor-element elementor-element-876210e elementor-widget elementor-widget-image\" data-id=\"876210e\" data-element_type=\"widget\" data-e-type=\"widget\" data-widget_type=\"image.default\">\n\t\t\t\t<div class=\"elementor-widget-container\">\n\t\t\t\t\t\t\t\t\t\t\t\t\t\t\t<img decoding=\"async\" width=\"704\" height=\"1200\" src=\"https:\/\/pgc-technologies.com\/wp-content\/uploads\/2025\/04\/Uhrwerk-Wendeeinheit.jpg\" class=\"attachment-full size-full wp-image-2238\" alt=\"Uhrwerk Wendeeinheit - PGC Technologies AG\" srcset=\"https:\/\/pgc-technologies.com\/wp-content\/uploads\/2025\/04\/Uhrwerk-Wendeeinheit.jpg 704w, https:\/\/pgc-technologies.com\/wp-content\/uploads\/2025\/04\/Uhrwerk-Wendeeinheit-176x300.jpg 176w, https:\/\/pgc-technologies.com\/wp-content\/uploads\/2025\/04\/Uhrwerk-Wendeeinheit-601x1024.jpg 601w\" sizes=\"(max-width: 704px) 100vw, 704px\" \/>\t\t\t\t\t\t\t\t\t\t\t\t\t\t\t<\/div>\n\t\t\t\t<\/div>\n\t\t\t\t<\/div>\n\t\t<div class=\"elementor-element elementor-element-0031ff1 e-con-full e-flex e-con e-child\" data-id=\"0031ff1\" data-element_type=\"container\" data-e-type=\"container\">\n\t\t\t\t<div class=\"elementor-element elementor-element-4d72dda elementor-widget elementor-widget-heading\" data-id=\"4d72dda\" data-element_type=\"widget\" data-e-type=\"widget\" data-widget_type=\"heading.default\">\n\t\t\t\t<div class=\"elementor-widget-container\">\n\t\t\t\t\t<h3 class=\"elementor-heading-title elementor-size-default\">Unit\u00e9 de positionnement de la tige de remontage<\/h3>\t\t\t\t<\/div>\n\t\t\t\t<\/div>\n\t\t\t\t<div class=\"elementor-element elementor-element-2682e27 elementor-widget elementor-widget-text-editor\" data-id=\"2682e27\" data-element_type=\"widget\" data-e-type=\"widget\" data-widget_type=\"text-editor.default\">\n\t\t\t\t<div class=\"elementor-widget-container\">\n\t\t\t\t\t\t\t\t\t<p>Cet appareil peut \u00eatre utilis\u00e9 pour diverses t\u00e2ches, telles que :<\/p><p>\u2022 Lubrification automatique des \u00e9chappements, pour arr\u00eater et lib\u00e9rer plusieurs positions de la roue d&rsquo;\u00e9chappement.<br>\u2022 Distribution de graisse sur les disques de quanti\u00e8me.<br>\u2022 Contr\u00f4le automatique des fonctions pour le changement de date.<br>\u2022 Rotation des composants pour graisser ou lubrifier automatiquement plusieurs fois une roue.<br>\u2022 Distribution de graisse et contr\u00f4le du m\u00e9canisme de remontage.<\/p>\t\t\t\t\t\t\t\t<\/div>\n\t\t\t\t<\/div>\n\t\t\t\t<div class=\"elementor-element elementor-element-b6f9e5f elementor-widget elementor-widget-image\" data-id=\"b6f9e5f\" data-element_type=\"widget\" data-e-type=\"widget\" data-widget_type=\"image.default\">\n\t\t\t\t<div class=\"elementor-widget-container\">\n\t\t\t\t\t\t\t\t\t\t\t\t\t\t\t<img loading=\"lazy\" decoding=\"async\" width=\"1200\" height=\"874\" src=\"https:\/\/pgc-technologies.com\/wp-content\/uploads\/2025\/04\/Aufzugswellen-Positionierungseinheit.jpg\" class=\"attachment-full size-full wp-image-2222\" alt=\"Aufzugswellen Positionierungseinheit - PCG Technologies AG\" srcset=\"https:\/\/pgc-technologies.com\/wp-content\/uploads\/2025\/04\/Aufzugswellen-Positionierungseinheit.jpg 1200w, https:\/\/pgc-technologies.com\/wp-content\/uploads\/2025\/04\/Aufzugswellen-Positionierungseinheit-300x219.jpg 300w, https:\/\/pgc-technologies.com\/wp-content\/uploads\/2025\/04\/Aufzugswellen-Positionierungseinheit-1024x746.jpg 1024w, https:\/\/pgc-technologies.com\/wp-content\/uploads\/2025\/04\/Aufzugswellen-Positionierungseinheit-768x559.jpg 768w\" sizes=\"(max-width: 1200px) 100vw, 1200px\" \/>\t\t\t\t\t\t\t\t\t\t\t\t\t\t\t<\/div>\n\t\t\t\t<\/div>\n\t\t\t\t<\/div>\n\t\t<div class=\"elementor-element elementor-element-0bff39b e-con-full e-flex e-con e-child\" data-id=\"0bff39b\" data-element_type=\"container\" data-e-type=\"container\">\n\t\t\t\t<div class=\"elementor-element elementor-element-e489240 elementor-widget elementor-widget-heading\" data-id=\"e489240\" data-element_type=\"widget\" data-e-type=\"widget\" data-widget_type=\"heading.default\">\n\t\t\t\t<div class=\"elementor-widget-container\">\n\t\t\t\t\t<h3 class=\"elementor-heading-title elementor-size-default\">Appareil de r\u00e9gulation automatique (Go-No-Go)<\/h3>\t\t\t\t<\/div>\n\t\t\t\t<\/div>\n\t\t\t\t<div class=\"elementor-element elementor-element-b043dea elementor-widget elementor-widget-text-editor\" data-id=\"b043dea\" data-element_type=\"widget\" data-e-type=\"widget\" data-widget_type=\"text-editor.default\">\n\t\t\t\t<div class=\"elementor-widget-container\">\n\t\t\t\t\t\t\t\t\t<p> \u2022 Contr\u00f4le automatique de l&rsquo;amplitude<br>\u2022 Contr\u00f4le du spiral (centr\u00e9e, concave, convexe, surface parall\u00e8le)<br>\u2022 Contr\u00f4le du chemin perdu<\/p>\t\t\t\t\t\t\t\t<\/div>\n\t\t\t\t<\/div>\n\t\t\t\t<\/div>\n\t\t\t\t<\/div>\n\t\t\t\t\t<\/div>\n\t\t\t\t<\/div>\n\t\t\t\t<\/div>\n\t\t","protected":false},"excerpt":{"rendered":"<p>Appareils individuels de la ligne d&rsquo;assemblage PGC-ML01 pour des solutions sp\u00e9cifiques. Unit\u00e9 de contr\u00f4le de montage (IA et\/ou vision) L&rsquo;appareil contr\u00f4le apr\u00e8s chaque \u00e9tape s\u00e9quentielle si tout les composants sont correctement mont\u00e9. En option, il peut \u00e9galement v\u00e9rifier si les vis ne sont pas endommag\u00e9es, s&rsquo;il y a des marques de doigts sur le mouvement [&hellip;]<\/p>\n","protected":false},"author":2,"featured_media":0,"parent":2752,"menu_order":0,"comment_status":"closed","ping_status":"closed","template":"","meta":{"footnotes":""},"class_list":["post-2762","page","type-page","status-publish","hentry"],"_links":{"self":[{"href":"https:\/\/pgc-technologies.com\/fr\/wp-json\/wp\/v2\/pages\/2762","targetHints":{"allow":["GET"]}}],"collection":[{"href":"https:\/\/pgc-technologies.com\/fr\/wp-json\/wp\/v2\/pages"}],"about":[{"href":"https:\/\/pgc-technologies.com\/fr\/wp-json\/wp\/v2\/types\/page"}],"author":[{"embeddable":true,"href":"https:\/\/pgc-technologies.com\/fr\/wp-json\/wp\/v2\/users\/2"}],"replies":[{"embeddable":true,"href":"https:\/\/pgc-technologies.com\/fr\/wp-json\/wp\/v2\/comments?post=2762"}],"version-history":[{"count":5,"href":"https:\/\/pgc-technologies.com\/fr\/wp-json\/wp\/v2\/pages\/2762\/revisions"}],"predecessor-version":[{"id":4449,"href":"https:\/\/pgc-technologies.com\/fr\/wp-json\/wp\/v2\/pages\/2762\/revisions\/4449"}],"up":[{"embeddable":true,"href":"https:\/\/pgc-technologies.com\/fr\/wp-json\/wp\/v2\/pages\/2752"}],"wp:attachment":[{"href":"https:\/\/pgc-technologies.com\/fr\/wp-json\/wp\/v2\/media?parent=2762"}],"curies":[{"name":"wp","href":"https:\/\/api.w.org\/{rel}","templated":true}]}}