{"id":2759,"date":"2024-10-02T05:54:10","date_gmt":"2024-10-02T05:54:10","guid":{"rendered":"https:\/\/pgc-technologies.com\/produits\/stations-de-montage-sequentielles\/"},"modified":"2025-06-06T06:58:49","modified_gmt":"2025-06-06T06:58:49","slug":"stations-de-montage-sequentielles","status":"publish","type":"page","link":"https:\/\/pgc-technologies.com\/fr\/produits\/stations-de-montage-sequentielles\/","title":{"rendered":"Stations d&rsquo;assemblage s\u00e9quentielles"},"content":{"rendered":"\t\t<div data-elementor-type=\"wp-page\" data-elementor-id=\"2759\" class=\"elementor elementor-2759 elementor-1588\" data-elementor-post-type=\"page\">\n\t\t\t\t<div class=\"elementor-element elementor-element-61ec0d1e e-flex e-con-boxed e-con e-parent\" data-id=\"61ec0d1e\" data-element_type=\"container\" data-e-type=\"container\" data-settings=\"{&quot;background_background&quot;:&quot;classic&quot;}\">\n\t\t\t\t\t<div class=\"e-con-inner\">\n\t\t<div class=\"elementor-element elementor-element-2b7d9b1c e-con-full e-flex e-con e-child\" data-id=\"2b7d9b1c\" data-element_type=\"container\" data-e-type=\"container\">\n\t\t\t\t<div class=\"elementor-element elementor-element-1671171c elementor-widget elementor-widget-heading\" data-id=\"1671171c\" data-element_type=\"widget\" data-e-type=\"widget\" data-widget_type=\"heading.default\">\n\t\t\t\t<div class=\"elementor-widget-container\">\n\t\t\t\t\t<h1 class=\"elementor-heading-title elementor-size-default\">Stations d'assemblage s\u00e9quentielles<\/h1>\t\t\t\t<\/div>\n\t\t\t\t<\/div>\n\t\t\t\t<div class=\"elementor-element elementor-element-68676e9 elementor-widget elementor-widget-heading\" data-id=\"68676e9\" data-element_type=\"widget\" data-e-type=\"widget\" data-widget_type=\"heading.default\">\n\t\t\t\t<div class=\"elementor-widget-container\">\n\t\t\t\t\t<h2 class=\"elementor-heading-title elementor-size-default\">Stations de montage de mouvements enti\u00e8rement automatiques.Vollautomatische Uhrwerk-Montagestationen. <\/h2>\t\t\t\t<\/div>\n\t\t\t\t<\/div>\n\t\t<div class=\"elementor-element elementor-element-17b250be e-con-full e-flex e-con e-child\" data-id=\"17b250be\" data-element_type=\"container\" data-e-type=\"container\">\n\t\t\t\t<div class=\"elementor-element elementor-element-a33023a elementor-widget elementor-widget-text-editor\" data-id=\"a33023a\" data-element_type=\"widget\" data-e-type=\"widget\" data-widget_type=\"text-editor.default\">\n\t\t\t\t<div class=\"elementor-widget-container\">\n\t\t\t\t\t\t\t\t\t<p>Vous souhaitez monter vos mouvements m\u00e9caniques de mani\u00e8re automatique, s\u00e9quentiellement ou en ligne, et ce \u00e0 un prix avantageux ? PGC Technologies AG propose des solutions garantissant une qualit\u00e9 stable et des volumes plus importants. <\/p><p>Nos cabines d\u2019assemblage peu encombrantes sont \u00e9quip\u00e9es de robots et d\u2019un API le plus moderne. Gr\u00e2ce aux pinces que nous avons d\u00e9velopp\u00e9es, les les platines peuvent \u00eatre \u00e9quip\u00e9es au nanom\u00e8tre pr\u00e8s de composants tels que roues, ressorts, vis, leviers, etc. M\u00eame les composants dynamiques peuvent \u00eatre plac\u00e9s automatiquement.  <\/p><p>Les mouvements sont transport\u00e9s sur des portes-pi\u00e8ces au moyen de convoyeurs. Les composants sont fournis en vrac, et le placement pr\u00e9cis est toujours garanti gr\u00e2ce \u00e0 l&rsquo;IA et \u00e0 la vision. De m\u00eame pour le chargement et le d\u00e9chargement du mouvement.  <\/p><p>Faites-nous part de vos besoins. Nous nous ferons un plaisir de vous faire une offre. <\/p>\t\t\t\t\t\t\t\t<\/div>\n\t\t\t\t<\/div>\n\t\t\t\t<\/div>\n\t\t\t\t<\/div>\n\t\t\t\t\t<\/div>\n\t\t\t\t<\/div>\n\t\t<div class=\"elementor-element elementor-element-ecf1326 e-flex e-con-boxed e-con e-parent\" data-id=\"ecf1326\" data-element_type=\"container\" data-e-type=\"container\" data-settings=\"{&quot;background_background&quot;:&quot;classic&quot;}\">\n\t\t\t\t\t<div class=\"e-con-inner\">\n\t\t<div class=\"elementor-element elementor-element-190ed3e e-con-full e-flex e-con e-child\" data-id=\"190ed3e\" data-element_type=\"container\" data-e-type=\"container\">\n\t\t\t\t<div class=\"elementor-element elementor-element-bb63ef1 elementor-widget elementor-widget-image\" data-id=\"bb63ef1\" data-element_type=\"widget\" data-e-type=\"widget\" data-widget_type=\"image.default\">\n\t\t\t\t<div class=\"elementor-widget-container\">\n\t\t\t\t\t\t\t\t\t\t\t\t\t\t\t<img fetchpriority=\"high\" decoding=\"async\" width=\"517\" height=\"800\" src=\"https:\/\/pgc-technologies.com\/wp-content\/uploads\/2025\/04\/sequenziell-1.png\" class=\"attachment-large size-large wp-image-3962\" alt=\"Sequenzielle Montagelinie - Kabine, PGC Technologies AG\" srcset=\"https:\/\/pgc-technologies.com\/wp-content\/uploads\/2025\/04\/sequenziell-1.png 517w, https:\/\/pgc-technologies.com\/wp-content\/uploads\/2025\/04\/sequenziell-1-194x300.png 194w\" sizes=\"(max-width: 517px) 100vw, 517px\" \/>\t\t\t\t\t\t\t\t\t\t\t\t\t\t\t<\/div>\n\t\t\t\t<\/div>\n\t\t\t\t<\/div>\n\t\t<div class=\"elementor-element elementor-element-b3610f7 e-con-full e-flex e-con e-child\" data-id=\"b3610f7\" data-element_type=\"container\" data-e-type=\"container\">\n\t\t\t\t<div class=\"elementor-element elementor-element-7321cd6 elementor-widget elementor-widget-image\" data-id=\"7321cd6\" data-element_type=\"widget\" data-e-type=\"widget\" data-widget_type=\"image.default\">\n\t\t\t\t<div class=\"elementor-widget-container\">\n\t\t\t\t\t\t\t\t\t\t\t\t\t\t\t<img decoding=\"async\" width=\"664\" height=\"800\" src=\"https:\/\/pgc-technologies.com\/wp-content\/uploads\/2025\/04\/sequenziell-2.png\" class=\"attachment-large size-large wp-image-3965\" alt=\"Sequenzielle Montagelinie - Ansicht von Oben, PGC-Technologies AG\" srcset=\"https:\/\/pgc-technologies.com\/wp-content\/uploads\/2025\/04\/sequenziell-2.png 664w, https:\/\/pgc-technologies.com\/wp-content\/uploads\/2025\/04\/sequenziell-2-249x300.png 249w\" sizes=\"(max-width: 664px) 100vw, 664px\" \/>\t\t\t\t\t\t\t\t\t\t\t\t\t\t\t<\/div>\n\t\t\t\t<\/div>\n\t\t\t\t<\/div>\n\t\t<div class=\"elementor-element elementor-element-e672f53 e-con-full e-flex e-con e-child\" data-id=\"e672f53\" data-element_type=\"container\" data-e-type=\"container\">\n\t\t\t\t<div class=\"elementor-element elementor-element-a782769 elementor-widget elementor-widget-image\" data-id=\"a782769\" data-element_type=\"widget\" data-e-type=\"widget\" data-widget_type=\"image.default\">\n\t\t\t\t<div class=\"elementor-widget-container\">\n\t\t\t\t\t\t\t\t\t\t\t\t\t\t\t<img decoding=\"async\" width=\"800\" height=\"709\" src=\"https:\/\/pgc-technologies.com\/wp-content\/uploads\/2025\/04\/sequenziell-3.png\" class=\"attachment-large size-large wp-image-3968\" alt=\"Sequenzielle Montagelinie - Close Up, PGC Technologies AG\" srcset=\"https:\/\/pgc-technologies.com\/wp-content\/uploads\/2025\/04\/sequenziell-3.png 903w, https:\/\/pgc-technologies.com\/wp-content\/uploads\/2025\/04\/sequenziell-3-300x266.png 300w, https:\/\/pgc-technologies.com\/wp-content\/uploads\/2025\/04\/sequenziell-3-768x680.png 768w\" sizes=\"(max-width: 800px) 100vw, 800px\" \/>\t\t\t\t\t\t\t\t\t\t\t\t\t\t\t<\/div>\n\t\t\t\t<\/div>\n\t\t\t\t<\/div>\n\t\t\t\t\t<\/div>\n\t\t\t\t<\/div>\n\t\t<div class=\"elementor-element elementor-element-277bba5 e-flex e-con-boxed e-con e-parent\" data-id=\"277bba5\" data-element_type=\"container\" data-e-type=\"container\">\n\t\t\t\t\t<div class=\"e-con-inner\">\n\t\t\t\t<div class=\"elementor-element elementor-element-5b3c30a elementor-widget elementor-widget-spacer\" data-id=\"5b3c30a\" data-element_type=\"widget\" data-e-type=\"widget\" data-widget_type=\"spacer.default\">\n\t\t\t\t<div class=\"elementor-widget-container\">\n\t\t\t\t\t\t\t<div class=\"elementor-spacer\">\n\t\t\t<div class=\"elementor-spacer-inner\"><\/div>\n\t\t<\/div>\n\t\t\t\t\t\t<\/div>\n\t\t\t\t<\/div>\n\t\t\t\t\t<\/div>\n\t\t\t\t<\/div>\n\t\t\t\t<\/div>\n\t\t","protected":false},"excerpt":{"rendered":"<p>Stations d&rsquo;assemblage s\u00e9quentielles Stations de montage de mouvements enti\u00e8rement automatiques.Vollautomatische Uhrwerk-Montagestationen. Vous souhaitez monter vos mouvements m\u00e9caniques de mani\u00e8re automatique, s\u00e9quentiellement ou en ligne, et ce \u00e0 un prix avantageux ? PGC Technologies AG propose des solutions garantissant une qualit\u00e9 stable et des volumes plus importants. Nos cabines d\u2019assemblage peu encombrantes sont \u00e9quip\u00e9es de robots [&hellip;]<\/p>\n","protected":false},"author":2,"featured_media":0,"parent":2752,"menu_order":0,"comment_status":"closed","ping_status":"closed","template":"","meta":{"footnotes":""},"class_list":["post-2759","page","type-page","status-publish","hentry"],"_links":{"self":[{"href":"https:\/\/pgc-technologies.com\/fr\/wp-json\/wp\/v2\/pages\/2759","targetHints":{"allow":["GET"]}}],"collection":[{"href":"https:\/\/pgc-technologies.com\/fr\/wp-json\/wp\/v2\/pages"}],"about":[{"href":"https:\/\/pgc-technologies.com\/fr\/wp-json\/wp\/v2\/types\/page"}],"author":[{"embeddable":true,"href":"https:\/\/pgc-technologies.com\/fr\/wp-json\/wp\/v2\/users\/2"}],"replies":[{"embeddable":true,"href":"https:\/\/pgc-technologies.com\/fr\/wp-json\/wp\/v2\/comments?post=2759"}],"version-history":[{"count":5,"href":"https:\/\/pgc-technologies.com\/fr\/wp-json\/wp\/v2\/pages\/2759\/revisions"}],"predecessor-version":[{"id":4434,"href":"https:\/\/pgc-technologies.com\/fr\/wp-json\/wp\/v2\/pages\/2759\/revisions\/4434"}],"up":[{"embeddable":true,"href":"https:\/\/pgc-technologies.com\/fr\/wp-json\/wp\/v2\/pages\/2752"}],"wp:attachment":[{"href":"https:\/\/pgc-technologies.com\/fr\/wp-json\/wp\/v2\/media?parent=2759"}],"curies":[{"name":"wp","href":"https:\/\/api.w.org\/{rel}","templated":true}]}}