{"id":2754,"date":"2024-08-07T08:07:48","date_gmt":"2024-08-07T08:07:48","guid":{"rendered":"https:\/\/pgc-technologies.com\/produits\/station-de-lubrification-automatique\/"},"modified":"2025-04-25T06:17:58","modified_gmt":"2025-04-25T06:17:58","slug":"station-de-lubrification-automatique","status":"publish","type":"page","link":"https:\/\/pgc-technologies.com\/fr\/produits\/station-de-lubrification-automatique\/","title":{"rendered":"Station de lubrification automatique"},"content":{"rendered":"\t\t<div data-elementor-type=\"wp-page\" data-elementor-id=\"2754\" class=\"elementor elementor-2754 elementor-176\" data-elementor-post-type=\"page\">\n\t\t\t\t<div class=\"elementor-element elementor-element-51c47ed7 e-flex e-con-boxed e-con e-parent\" data-id=\"51c47ed7\" data-element_type=\"container\" data-e-type=\"container\" data-settings=\"{&quot;background_background&quot;:&quot;classic&quot;}\">\n\t\t\t\t\t<div class=\"e-con-inner\">\n\t\t<div class=\"elementor-element elementor-element-7be94bf4 e-con-full e-flex e-con e-child\" data-id=\"7be94bf4\" data-element_type=\"container\" data-e-type=\"container\">\n\t\t\t\t<div class=\"elementor-element elementor-element-37cbafd elementor-widget elementor-widget-heading\" data-id=\"37cbafd\" data-element_type=\"widget\" data-e-type=\"widget\" data-widget_type=\"heading.default\">\n\t\t\t\t<div class=\"elementor-widget-container\">\n\t\t\t\t\t<h2 class=\"elementor-heading-title elementor-size-default\">Station de lubrification automatique<\/h2>\t\t\t\t<\/div>\n\t\t\t\t<\/div>\n\t\t<div class=\"elementor-element elementor-element-50054e60 e-con-full e-flex e-con e-child\" data-id=\"50054e60\" data-element_type=\"container\" data-e-type=\"container\">\n\t\t\t\t<div class=\"elementor-element elementor-element-6fb0dcb6 elementor-widget elementor-widget-text-editor\" data-id=\"6fb0dcb6\" data-element_type=\"widget\" data-e-type=\"widget\" data-widget_type=\"text-editor.default\">\n\t\t\t\t<div class=\"elementor-widget-container\">\n\t\t\t\t\t\t\t\t\t<p>La station de lubrification automatique ind\u00e9pendante du calibre peut \u00e9galement \u00eatre utilis\u00e9e comme installation autonome. L&rsquo;unit\u00e9 de retournement automatique permet de lubrifier les deux c\u00f4t\u00e9s du mouvement. Gr\u00e2ce \u00e0 des plaques de support de composants sp\u00e9ciales, qui peuvent \u00eatre utilis\u00e9es pour plus de 10 variantes de calibres, m\u00eame les endroits difficiles d&rsquo;acc\u00e8s sont lubrifi\u00e9s ou graiss\u00e9s avec pr\u00e9cision. Avec l&rsquo;unit\u00e9 de positionnement de la tige de remontage int\u00e9gr\u00e9e, les composants d\u00e9j\u00e0 mont\u00e9s peuvent \u00eatre mis en position correcte pendant le processus de lubrification.   <\/p><p>Pour les nouveaux calibres, nous vous fournissons toutes les informations logicielles des composants ou positions de mouvement \u00e0 lubrifier, graisser ou \u00e9pilamer, qui sont ensuite transmises directement aux robots (voir services).<\/p><p>Vous pouvez ainsi d\u00e9terminer si vous souhaitez travailler en \u00e9tapes de montage s\u00e9quentielles ou en s\u00e9rie. Le chargement de l&rsquo;installation de lubrification peut se faire manuellement ou automatiquement. Diff\u00e9rents syst\u00e8mes de chargement sont disponibles \u00e0 cet effet.  <\/p>\t\t\t\t\t\t\t\t<\/div>\n\t\t\t\t<\/div>\n\t\t\t\t<\/div>\n\t\t<div class=\"elementor-element elementor-element-e5c40a0 e-con-full e-flex e-con e-child\" data-id=\"e5c40a0\" data-element_type=\"container\" data-e-type=\"container\">\n\t\t\t\t<div class=\"elementor-element elementor-element-462dbb2 elementor-widget__width-initial elementor-widget elementor-widget-text-editor\" data-id=\"462dbb2\" data-element_type=\"widget\" data-e-type=\"widget\" data-widget_type=\"text-editor.default\">\n\t\t\t\t<div class=\"elementor-widget-container\">\n\t\t\t\t\t\t\t\t\t<p>Robot de manipulation avec unit\u00e9 de positionnement<\/p><ul><li>Unit\u00e9 de positionnement 3D pour correction minimale (moins de 2\/100mm)<\/li><li>2 robots de lubrification<\/li><li>Module de mesure des buses<\/li><li>Station de service<\/li><li>5 distributeurs de lubrifiant ou de graisse par robot<\/li><li>1 distributeur d&rsquo;\u00e9pilame par robot<\/li><li>2 plateaux tournants<\/li><li>Support de robot avec contr\u00f4le par vision<\/li><li>Deux dispositifs de positionnement automatiques de la tige de remontage<\/li><li>4 unit\u00e9s de retournement de mouvement<\/li><li>Module de r\u00e9glage des buses<\/li><li>2 armoires de commande avec serveur<\/li><li>Diff\u00e9rentes possibilit\u00e9s de chargement automatique<\/li><\/ul><p><br \/>D&rsquo;autres options sont possibles.<\/p>\t\t\t\t\t\t\t\t<\/div>\n\t\t\t\t<\/div>\n\t\t\t\t<\/div>\n\t\t<div class=\"elementor-element elementor-element-88e8e43 e-con-full e-flex e-con e-child\" data-id=\"88e8e43\" data-element_type=\"container\" data-e-type=\"container\">\n\t\t<div class=\"elementor-element elementor-element-4cc58cb e-con-full e-flex e-con e-child\" data-id=\"4cc58cb\" data-element_type=\"container\" data-e-type=\"container\" data-settings=\"{&quot;background_background&quot;:&quot;classic&quot;}\">\n\t\t<div class=\"elementor-element elementor-element-106cfcd e-con-full e-flex e-con e-child\" data-id=\"106cfcd\" data-element_type=\"container\" data-e-type=\"container\">\n\t\t\t\t<div class=\"elementor-element elementor-element-633276e elementor-widget elementor-widget-heading\" data-id=\"633276e\" data-element_type=\"widget\" data-e-type=\"widget\" data-widget_type=\"heading.default\">\n\t\t\t\t<div class=\"elementor-widget-container\">\n\t\t\t\t\t<h2 class=\"elementor-heading-title elementor-size-default\">Les faits sur l'installation automatique de lubrification<\/h2>\t\t\t\t<\/div>\n\t\t\t\t<\/div>\n\t\t\t\t<\/div>\n\t\t<div class=\"elementor-element elementor-element-e0517e5 e-con-full e-flex e-con e-child\" data-id=\"e0517e5\" data-element_type=\"container\" data-e-type=\"container\">\n\t\t<div class=\"elementor-element elementor-element-08e4bf7 e-grid e-con-full e-con e-child\" data-id=\"08e4bf7\" data-element_type=\"container\" data-e-type=\"container\">\n\t\t\t\t<div class=\"elementor-element elementor-element-ee50085 elementor-widget elementor-widget-text-editor\" data-id=\"ee50085\" data-element_type=\"widget\" data-e-type=\"widget\" data-widget_type=\"text-editor.default\">\n\t\t\t\t<div class=\"elementor-widget-container\">\n\t\t\t\t\t\t\t\t\t<p style=\"text-align: center;\">Robot de manutention avec<br>unit\u00e9 de positionnement<\/p>\t\t\t\t\t\t\t\t<\/div>\n\t\t\t\t<\/div>\n\t\t\t\t<div class=\"elementor-element elementor-element-2bcafdf elementor-widget elementor-widget-text-editor\" data-id=\"2bcafdf\" data-element_type=\"widget\" data-e-type=\"widget\" data-widget_type=\"text-editor.default\">\n\t\t\t\t<div class=\"elementor-widget-container\">\n\t\t\t\t\t\t\t\t\t<p style=\"text-align: center;\">2 plateaux tournants \u00e0 <br>deux supports de composants<br>et 2 unit\u00e9s de<br>retournement de mouvements<\/p>\t\t\t\t\t\t\t\t<\/div>\n\t\t\t\t<\/div>\n\t\t\t\t<div class=\"elementor-element elementor-element-74f7a42 elementor-widget elementor-widget-text-editor\" data-id=\"74f7a42\" data-element_type=\"widget\" data-e-type=\"widget\" data-widget_type=\"text-editor.default\">\n\t\t\t\t<div class=\"elementor-widget-container\">\n\t\t\t\t\t\t\t\t\t<p style=\"text-align: center;\">Unit\u00e9s de positionnement<br>automatique de la tide<br>de remontoir<\/p>\t\t\t\t\t\t\t\t<\/div>\n\t\t\t\t<\/div>\n\t\t\t\t<div class=\"elementor-element elementor-element-445428f elementor-widget elementor-widget-text-editor\" data-id=\"445428f\" data-element_type=\"widget\" data-e-type=\"widget\" data-widget_type=\"text-editor.default\">\n\t\t\t\t<div class=\"elementor-widget-container\">\n\t\t\t\t\t\t\t\t\t<p style=\"text-align: center;\">2 robots pour lubrification<\/p>\t\t\t\t\t\t\t\t<\/div>\n\t\t\t\t<\/div>\n\t\t\t\t<div class=\"elementor-element elementor-element-bfe4846 elementor-widget elementor-widget-text-editor\" data-id=\"bfe4846\" data-element_type=\"widget\" data-e-type=\"widget\" data-widget_type=\"text-editor.default\">\n\t\t\t\t<div class=\"elementor-widget-container\">\n\t\t\t\t\t\t\t\t\t<p style=\"text-align: center;\">Chaque robot a 5<br>distributeurs d&rsquo;huile ou de <br>graisse et 1 distributeur d&rsquo;\u00e9pilame<\/p>\t\t\t\t\t\t\t\t<\/div>\n\t\t\t\t<\/div>\n\t\t\t\t<div class=\"elementor-element elementor-element-0024726 elementor-widget elementor-widget-text-editor\" data-id=\"0024726\" data-element_type=\"widget\" data-e-type=\"widget\" data-widget_type=\"text-editor.default\">\n\t\t\t\t<div class=\"elementor-widget-container\">\n\t\t\t\t\t\t\t\t\t<p style=\"text-align: center;\">Porte-outils du robot avec<br>scanner 3D et vision<\/p>\t\t\t\t\t\t\t\t<\/div>\n\t\t\t\t<\/div>\n\t\t\t\t<div class=\"elementor-element elementor-element-0cb4510 elementor-widget elementor-widget-text-editor\" data-id=\"0cb4510\" data-element_type=\"widget\" data-e-type=\"widget\" data-widget_type=\"text-editor.default\">\n\t\t\t\t<div class=\"elementor-widget-container\">\n\t\t\t\t\t\t\t\t\t<p style=\"text-align: center;\">Module de r\u00e9glage des buses<\/p>\t\t\t\t\t\t\t\t<\/div>\n\t\t\t\t<\/div>\n\t\t\t\t<div class=\"elementor-element elementor-element-bbda626 elementor-widget elementor-widget-text-editor\" data-id=\"bbda626\" data-element_type=\"widget\" data-e-type=\"widget\" data-widget_type=\"text-editor.default\">\n\t\t\t\t<div class=\"elementor-widget-container\">\n\t\t\t\t\t\t\t\t\t<p>Module de mesure des buses<\/p>\t\t\t\t\t\t\t\t<\/div>\n\t\t\t\t<\/div>\n\t\t\t\t<\/div>\n\t\t\t\t<div class=\"elementor-element elementor-element-8efb0fd elementor-widget elementor-widget-image\" data-id=\"8efb0fd\" data-element_type=\"widget\" data-e-type=\"widget\" data-widget_type=\"image.default\">\n\t\t\t\t<div class=\"elementor-widget-container\">\n\t\t\t\t\t\t\t\t\t\t\t\t\t\t\t<img fetchpriority=\"high\" decoding=\"async\" width=\"1200\" height=\"780\" src=\"https:\/\/pgc-technologies.com\/wp-content\/uploads\/2025\/04\/Oelstation-Tisch.jpg\" class=\"attachment-full size-full wp-image-2258\" alt=\"\u00d6lstation Tisch - PGC Technologies AG\" srcset=\"https:\/\/pgc-technologies.com\/wp-content\/uploads\/2025\/04\/Oelstation-Tisch.jpg 1200w, https:\/\/pgc-technologies.com\/wp-content\/uploads\/2025\/04\/Oelstation-Tisch-300x195.jpg 300w, https:\/\/pgc-technologies.com\/wp-content\/uploads\/2025\/04\/Oelstation-Tisch-1024x666.jpg 1024w, https:\/\/pgc-technologies.com\/wp-content\/uploads\/2025\/04\/Oelstation-Tisch-768x499.jpg 768w\" sizes=\"(max-width: 1200px) 100vw, 1200px\" \/>\t\t\t\t\t\t\t\t\t\t\t\t\t\t\t<\/div>\n\t\t\t\t<\/div>\n\t\t\t\t<div class=\"elementor-element elementor-element-2fe46f7 elementor-widget elementor-widget-heading\" data-id=\"2fe46f7\" data-element_type=\"widget\" data-e-type=\"widget\" data-widget_type=\"heading.default\">\n\t\t\t\t<div class=\"elementor-widget-container\">\n\t\t\t\t\t<h3 class=\"elementor-heading-title elementor-size-default\">Exemple de station d'huile automatique.<\/h3>\t\t\t\t<\/div>\n\t\t\t\t<\/div>\n\t\t\t\t<\/div>\n\t\t\t\t<\/div>\n\t\t\t\t<\/div>\n\t\t\t\t<\/div>\n\t\t\t\t\t<\/div>\n\t\t\t\t<\/div>\n\t\t\t\t<\/div>\n\t\t","protected":false},"excerpt":{"rendered":"<p>Station de lubrification automatique La station de lubrification automatique ind\u00e9pendante du calibre peut \u00e9galement \u00eatre utilis\u00e9e comme installation autonome. L&rsquo;unit\u00e9 de retournement automatique permet de lubrifier les deux c\u00f4t\u00e9s du mouvement. Gr\u00e2ce \u00e0 des plaques de support de composants sp\u00e9ciales, qui peuvent \u00eatre utilis\u00e9es pour plus de 10 variantes de calibres, m\u00eame les endroits difficiles [&hellip;]<\/p>\n","protected":false},"author":2,"featured_media":0,"parent":2752,"menu_order":0,"comment_status":"closed","ping_status":"closed","template":"","meta":{"footnotes":""},"class_list":["post-2754","page","type-page","status-publish","hentry"],"_links":{"self":[{"href":"https:\/\/pgc-technologies.com\/fr\/wp-json\/wp\/v2\/pages\/2754","targetHints":{"allow":["GET"]}}],"collection":[{"href":"https:\/\/pgc-technologies.com\/fr\/wp-json\/wp\/v2\/pages"}],"about":[{"href":"https:\/\/pgc-technologies.com\/fr\/wp-json\/wp\/v2\/types\/page"}],"author":[{"embeddable":true,"href":"https:\/\/pgc-technologies.com\/fr\/wp-json\/wp\/v2\/users\/2"}],"replies":[{"embeddable":true,"href":"https:\/\/pgc-technologies.com\/fr\/wp-json\/wp\/v2\/comments?post=2754"}],"version-history":[{"count":5,"href":"https:\/\/pgc-technologies.com\/fr\/wp-json\/wp\/v2\/pages\/2754\/revisions"}],"predecessor-version":[{"id":4374,"href":"https:\/\/pgc-technologies.com\/fr\/wp-json\/wp\/v2\/pages\/2754\/revisions\/4374"}],"up":[{"embeddable":true,"href":"https:\/\/pgc-technologies.com\/fr\/wp-json\/wp\/v2\/pages\/2752"}],"wp:attachment":[{"href":"https:\/\/pgc-technologies.com\/fr\/wp-json\/wp\/v2\/media?parent=2754"}],"curies":[{"name":"wp","href":"https:\/\/api.w.org\/{rel}","templated":true}]}}