{"id":2752,"date":"2024-08-07T08:01:09","date_gmt":"2024-08-07T08:01:09","guid":{"rendered":"https:\/\/pgc-technologies.com\/produits\/"},"modified":"2025-06-06T09:12:55","modified_gmt":"2025-06-06T09:12:55","slug":"produits","status":"publish","type":"page","link":"https:\/\/pgc-technologies.com\/fr\/produits\/","title":{"rendered":"Produits"},"content":{"rendered":"\t\t<div data-elementor-type=\"wp-page\" data-elementor-id=\"2752\" class=\"elementor elementor-2752 elementor-172\" data-elementor-post-type=\"page\">\n\t\t\t\t<div class=\"elementor-element elementor-element-4fc498d4 e-con-full e-flex e-con e-parent\" data-id=\"4fc498d4\" data-element_type=\"container\" data-e-type=\"container\" data-settings=\"{&quot;background_background&quot;:&quot;classic&quot;}\">\n\t\t<div class=\"elementor-element elementor-element-a667f54 e-con-full e-flex e-con e-child\" data-id=\"a667f54\" data-element_type=\"container\" data-e-type=\"container\" data-settings=\"{&quot;background_background&quot;:&quot;classic&quot;}\">\n\t\t\t\t<div class=\"elementor-element elementor-element-19a27a7d elementor-widget elementor-widget-heading\" data-id=\"19a27a7d\" data-element_type=\"widget\" data-e-type=\"widget\" data-widget_type=\"heading.default\">\n\t\t\t\t<div class=\"elementor-widget-container\">\n\t\t\t\t\t<h1 class=\"elementor-heading-title elementor-size-default\">Ligne d'assemblage modulaire semi-automatis\u00e9e avec station de lubrification enti\u00e8rement automatique et contr\u00f4le qualit\u00e9 int\u00e9gr\u00e9e.<\/h1>\t\t\t\t<\/div>\n\t\t\t\t<\/div>\n\t\t\t\t<div class=\"elementor-element elementor-element-57c5dacc elementor-widget elementor-widget-text-editor\" data-id=\"57c5dacc\" data-element_type=\"widget\" data-e-type=\"widget\" data-widget_type=\"text-editor.default\">\n\t\t\t\t<div class=\"elementor-widget-container\">\n\t\t\t\t\t\t\t\t\t<p>Station de huilage automatique, ind\u00e9pendante du calibre, pour la production en s\u00e9rie. L\u2019unit\u00e9 de manipulation et de lubrification permet de huiler, graisser et \u00e9pilamiser tous les composants et mouvements.<\/p><p>Les stations de huilage actuelles pour la production en s\u00e9rie sont souvent li\u00e9es \u00e0 un calibre sp\u00e9cifique et n\u00e9cessitent des investissements tr\u00e8s \u00e9lev\u00e9s. Les reconfigurations lors d\u2019un changement de calibre co\u00fbtent du temps et de l\u2019argent. Nos robots peuvent \u00e9galement travailler pendant la nuit et huiler avec pr\u00e9cision des calibres vari\u00e9s.<\/p><h3><a title=\"\" href=\"https:\/\/pgc-technologies.com\/fr\/produits\/ligne-dassemblage-modulaire\/\" rel=\"noopener\">Lire la suite&#8230;<\/a><\/h3>\t\t\t\t\t\t\t\t<\/div>\n\t\t\t\t<\/div>\n\t\t\t\t<\/div>\n\t\t<div class=\"elementor-element elementor-element-517ae9d5 e-con-full e-flex e-con e-child\" data-id=\"517ae9d5\" data-element_type=\"container\" data-e-type=\"container\" data-settings=\"{&quot;background_background&quot;:&quot;classic&quot;}\">\n\t\t\t\t<\/div>\n\t\t\t\t<\/div>\n\t\t<div class=\"elementor-element elementor-element-64d131cc e-con-full e-flex e-con e-parent\" data-id=\"64d131cc\" data-element_type=\"container\" data-e-type=\"container\" data-settings=\"{&quot;background_background&quot;:&quot;classic&quot;}\">\n\t\t<div class=\"elementor-element elementor-element-44b8c5f7 e-con-full e-flex e-con e-child\" data-id=\"44b8c5f7\" data-element_type=\"container\" data-e-type=\"container\" data-settings=\"{&quot;background_background&quot;:&quot;classic&quot;}\">\n\t\t\t\t<\/div>\n\t\t<div class=\"elementor-element elementor-element-5913fe4 e-con-full e-flex e-con e-child\" data-id=\"5913fe4\" data-element_type=\"container\" data-e-type=\"container\" data-settings=\"{&quot;background_background&quot;:&quot;classic&quot;}\">\n\t\t\t\t<div class=\"elementor-element elementor-element-7fe2a673 elementor-widget elementor-widget-heading\" data-id=\"7fe2a673\" data-element_type=\"widget\" data-e-type=\"widget\" data-widget_type=\"heading.default\">\n\t\t\t\t<div class=\"elementor-widget-container\">\n\t\t\t\t\t<h2 class=\"elementor-heading-title elementor-size-default\">Station de lubrification automatique - ind\u00e9pendante du calibre pour la production en s\u00e9rie.<\/h2>\t\t\t\t<\/div>\n\t\t\t\t<\/div>\n\t\t\t\t<div class=\"elementor-element elementor-element-3b81baa8 elementor-widget elementor-widget-text-editor\" data-id=\"3b81baa8\" data-element_type=\"widget\" data-e-type=\"widget\" data-widget_type=\"text-editor.default\">\n\t\t\t\t<div class=\"elementor-widget-container\">\n\t\t\t\t\t\t\t\t\t<p>Station de huilage automatique, ind\u00e9pendante du calibre, pour la production en s\u00e9rie. L\u2019unit\u00e9 de manipulation et de lubrification permet de huiler, graisser et \u00e9pilamiser tous les composants et mouvements.<\/p><p>Les stations de huilage actuelles pour la production en s\u00e9rie sont souvent li\u00e9es \u00e0 un calibre sp\u00e9cifique et n\u00e9cessitent des investissements tr\u00e8s \u00e9lev\u00e9s. Les reconfigurations lors d\u2019un changement de calibre co\u00fbtent du temps et de l\u2019argent. Nos robots peuvent \u00e9galement travailler pendant la nuit et huiler avec pr\u00e9cision des calibres vari\u00e9s.<\/p><h3><a title=\"\" href=\"https:\/\/pgc-technologies.com\/fr\/produits\/station-de-lubrification-automatique\/\" rel=\"noopener\">Lire la suite&#8230;<\/a><\/h3>\t\t\t\t\t\t\t\t<\/div>\n\t\t\t\t<\/div>\n\t\t\t\t<\/div>\n\t\t\t\t<\/div>\n\t\t<div class=\"elementor-element elementor-element-20839c1d e-con-full e-flex e-con e-parent\" data-id=\"20839c1d\" data-element_type=\"container\" data-e-type=\"container\" data-settings=\"{&quot;background_background&quot;:&quot;classic&quot;}\">\n\t\t<div class=\"elementor-element elementor-element-40b7a62b e-con-full e-flex e-con e-child\" data-id=\"40b7a62b\" data-element_type=\"container\" data-e-type=\"container\" data-settings=\"{&quot;background_background&quot;:&quot;classic&quot;}\">\n\t\t\t\t<div class=\"elementor-element elementor-element-38d86727 elementor-widget elementor-widget-heading\" data-id=\"38d86727\" data-element_type=\"widget\" data-e-type=\"widget\" data-widget_type=\"heading.default\">\n\t\t\t\t<div class=\"elementor-widget-container\">\n\t\t\t\t\t<h1 class=\"elementor-heading-title elementor-size-default\">Stations d'assemblage s\u00e9quentielles enti\u00e8rement automatiques avec jusqu'\u00e0 17 op\u00e9rations - ind\u00e9pendantes du calibre.<\/h1>\t\t\t\t<\/div>\n\t\t\t\t<\/div>\n\t\t\t\t<div class=\"elementor-element elementor-element-3c5d4080 elementor-widget elementor-widget-text-editor\" data-id=\"3c5d4080\" data-element_type=\"widget\" data-e-type=\"widget\" data-widget_type=\"text-editor.default\">\n\t\t\t\t<div class=\"elementor-widget-container\">\n\t\t\t\t\t\t\t\t\t<p>Stations enti\u00e8rement automatiques, ind\u00e9pendantes du calibre, qui effectuent jusqu&rsquo;\u00e0 17 op\u00e9rations en montage s\u00e9quentiel.<\/p><p>Les stations existantes n\u2019effectuent souvent que quelques op\u00e9rations et sont sp\u00e9cifiques \u00e0 un calibre. Notre station permet de r\u00e9duire le personnel pour la production de petites et grandes s\u00e9ries, ne n\u00e9cessite aucun r\u00e9ajustement lors d\u2019un changement de calibre et garantit une qualit\u00e9 de montage constante.<\/p><p>Le retour sur investissement se fait en 3 ans.<\/p><h3><a title=\"\" href=\"https:\/\/pgc-technologies.com\/fr\/produits\/stations-de-montage-sequentielles\/\" rel=\"noopener\">Lire la suite&#8230;<\/a><\/h3>\t\t\t\t\t\t\t\t<\/div>\n\t\t\t\t<\/div>\n\t\t\t\t<\/div>\n\t\t<div class=\"elementor-element elementor-element-224d3edd e-con-full e-flex e-con e-child\" data-id=\"224d3edd\" data-element_type=\"container\" data-e-type=\"container\" data-settings=\"{&quot;background_background&quot;:&quot;classic&quot;}\">\n\t\t\t\t<\/div>\n\t\t\t\t<\/div>\n\t\t<div class=\"elementor-element elementor-element-5a3b2d59 e-con-full e-flex e-con e-parent\" data-id=\"5a3b2d59\" data-element_type=\"container\" data-e-type=\"container\" data-settings=\"{&quot;background_background&quot;:&quot;classic&quot;}\">\n\t\t<div class=\"elementor-element elementor-element-1cd42e87 e-con-full e-flex e-con e-child\" data-id=\"1cd42e87\" data-element_type=\"container\" data-e-type=\"container\" data-settings=\"{&quot;background_background&quot;:&quot;classic&quot;}\">\n\t\t\t\t<\/div>\n\t\t<div class=\"elementor-element elementor-element-3272679b e-con-full e-flex e-con e-child\" data-id=\"3272679b\" data-element_type=\"container\" data-e-type=\"container\" data-settings=\"{&quot;background_background&quot;:&quot;classic&quot;}\">\n\t\t\t\t<div class=\"elementor-element elementor-element-76658ad0 elementor-widget elementor-widget-heading\" data-id=\"76658ad0\" data-element_type=\"widget\" data-e-type=\"widget\" data-widget_type=\"heading.default\">\n\t\t\t\t<div class=\"elementor-widget-container\">\n\t\t\t\t\t<h1 class=\"elementor-heading-title elementor-size-default\">Appareils individuels de la ligne d'assemblage PGC-ML01 pour des solutions sp\u00e9cifiques.<\/h1>\t\t\t\t<\/div>\n\t\t\t\t<\/div>\n\t\t\t\t<div class=\"elementor-element elementor-element-501368b4 elementor-widget elementor-widget-text-editor\" data-id=\"501368b4\" data-element_type=\"widget\" data-e-type=\"widget\" data-widget_type=\"text-editor.default\">\n\t\t\t\t<div class=\"elementor-widget-container\">\n\t\t\t\t\t\t\t\t\t<p>Les appareils individuels, par exemple pour le contr\u00f4le qualit\u00e9 automatis\u00e9, le remontage automatique des mouvements, le positionnement automatique des roues pour la lubrification, le contr\u00f4le des fonctions, etc., peuvent \u00e9galement \u00eatre utilis\u00e9s ind\u00e9pendamment de la ligne d&rsquo;assemblage PGC-ML01.<\/p><p>Effectu\u00e9es manuellement, ces op\u00e9rations co\u00fbtent du temps et de l&rsquo;argent.<\/p><h3><a title=\"\" href=\"https:\/\/pgc-technologies.com\/fr\/produits\/appareils-individuels-pour-ligne-de-montage\/\" rel=\"noopener\">Lire la suite&#8230;<\/a><\/h3>\t\t\t\t\t\t\t\t<\/div>\n\t\t\t\t<\/div>\n\t\t\t\t<\/div>\n\t\t\t\t<\/div>\n\t\t<div class=\"elementor-element elementor-element-25466591 e-flex e-con-boxed e-con e-parent\" data-id=\"25466591\" data-element_type=\"container\" data-e-type=\"container\">\n\t\t\t\t\t<div class=\"e-con-inner\">\n\t\t\t\t\t<\/div>\n\t\t\t\t<\/div>\n\t\t\t\t<\/div>\n\t\t","protected":false},"excerpt":{"rendered":"<p>Ligne d&rsquo;assemblage modulaire semi-automatis\u00e9e avec station de lubrification enti\u00e8rement automatique et contr\u00f4le qualit\u00e9 int\u00e9gr\u00e9e. Station de huilage automatique, ind\u00e9pendante du calibre, pour la production en s\u00e9rie. L\u2019unit\u00e9 de manipulation et de lubrification permet de huiler, graisser et \u00e9pilamiser tous les composants et mouvements. Les stations de huilage actuelles pour la production en s\u00e9rie sont souvent [&hellip;]<\/p>\n","protected":false},"author":2,"featured_media":0,"parent":0,"menu_order":0,"comment_status":"closed","ping_status":"closed","template":"","meta":{"footnotes":""},"class_list":["post-2752","page","type-page","status-publish","hentry"],"_links":{"self":[{"href":"https:\/\/pgc-technologies.com\/fr\/wp-json\/wp\/v2\/pages\/2752","targetHints":{"allow":["GET"]}}],"collection":[{"href":"https:\/\/pgc-technologies.com\/fr\/wp-json\/wp\/v2\/pages"}],"about":[{"href":"https:\/\/pgc-technologies.com\/fr\/wp-json\/wp\/v2\/types\/page"}],"author":[{"embeddable":true,"href":"https:\/\/pgc-technologies.com\/fr\/wp-json\/wp\/v2\/users\/2"}],"replies":[{"embeddable":true,"href":"https:\/\/pgc-technologies.com\/fr\/wp-json\/wp\/v2\/comments?post=2752"}],"version-history":[{"count":5,"href":"https:\/\/pgc-technologies.com\/fr\/wp-json\/wp\/v2\/pages\/2752\/revisions"}],"predecessor-version":[{"id":4445,"href":"https:\/\/pgc-technologies.com\/fr\/wp-json\/wp\/v2\/pages\/2752\/revisions\/4445"}],"wp:attachment":[{"href":"https:\/\/pgc-technologies.com\/fr\/wp-json\/wp\/v2\/media?parent=2752"}],"curies":[{"name":"wp","href":"https:\/\/api.w.org\/{rel}","templated":true}]}}