{"id":2662,"date":"2024-08-14T05:43:04","date_gmt":"2024-08-14T05:43:04","guid":{"rendered":"https:\/\/pgc-technologies.com\/page-daccueil-2\/"},"modified":"2025-06-06T09:05:47","modified_gmt":"2025-06-06T09:05:47","slug":"page-daccueil-2","status":"publish","type":"page","link":"https:\/\/pgc-technologies.com\/fr\/","title":{"rendered":"page d&rsquo;accueil"},"content":{"rendered":"\t\t<div data-elementor-type=\"wp-page\" data-elementor-id=\"2662\" class=\"elementor elementor-2662 elementor-333\" data-elementor-post-type=\"page\">\n\t\t\t\t<div class=\"elementor-element elementor-element-7db4ad8 e-con-full elementor-hidden-desktop elementor-hidden-laptop elementor-hidden-tablet elementor-hidden-mobile elementor-hidden-tablet_extra elementor-hidden-mobile_extra e-flex e-con e-parent\" data-id=\"7db4ad8\" data-element_type=\"container\" data-e-type=\"container\" id=\"top\" data-settings=\"{&quot;background_background&quot;:&quot;classic&quot;}\">\n\t\t<div class=\"elementor-element elementor-element-a5db0a6 e-con-full e-flex e-con e-child\" data-id=\"a5db0a6\" data-element_type=\"container\" data-e-type=\"container\" data-settings=\"{&quot;background_background&quot;:&quot;classic&quot;}\">\n\t\t\t\t<div class=\"elementor-element elementor-element-0c6077a elementor-widget elementor-widget-heading\" data-id=\"0c6077a\" data-element_type=\"widget\" data-e-type=\"widget\" data-widget_type=\"heading.default\">\n\t\t\t\t<div class=\"elementor-widget-container\">\n\t\t\t\t\t<h2 class=\"elementor-heading-title elementor-size-default\">Vers un avenir durable gr\u00e2ce \u00e0 une production innovante<\/h2>\t\t\t\t<\/div>\n\t\t\t\t<\/div>\n\t\t\t\t<div class=\"elementor-element elementor-element-fc2153c elementor-widget elementor-widget-spacer\" data-id=\"fc2153c\" data-element_type=\"widget\" data-e-type=\"widget\" data-widget_type=\"spacer.default\">\n\t\t\t\t<div class=\"elementor-widget-container\">\n\t\t\t\t\t\t\t<div class=\"elementor-spacer\">\n\t\t\t<div class=\"elementor-spacer-inner\"><\/div>\n\t\t<\/div>\n\t\t\t\t\t\t<\/div>\n\t\t\t\t<\/div>\n\t\t\t\t<div class=\"elementor-element elementor-element-106071b elementor-widget elementor-widget-heading\" data-id=\"106071b\" data-element_type=\"widget\" data-e-type=\"widget\" data-widget_type=\"heading.default\">\n\t\t\t\t<div class=\"elementor-widget-container\">\n\t\t\t\t\t<h1 class=\"elementor-heading-title elementor-size-default\">Ind\u00e9pendant du calibre en flux unitaire. <br> Stations d'assemblage s\u00e9quentielle semi-automatiques et enti\u00e8rement automatiques pour mouvements m\u00e9caniques.<\/h1>\t\t\t\t<\/div>\n\t\t\t\t<\/div>\n\t\t\t\t<div class=\"elementor-element elementor-element-53f88a1 elementor-widget elementor-widget-spacer\" data-id=\"53f88a1\" data-element_type=\"widget\" data-e-type=\"widget\" data-widget_type=\"spacer.default\">\n\t\t\t\t<div class=\"elementor-widget-container\">\n\t\t\t\t\t\t\t<div class=\"elementor-spacer\">\n\t\t\t<div class=\"elementor-spacer-inner\"><\/div>\n\t\t<\/div>\n\t\t\t\t\t\t<\/div>\n\t\t\t\t<\/div>\n\t\t\t\t<div class=\"elementor-element elementor-element-f26a740 elementor-widget elementor-widget-text-editor\" data-id=\"f26a740\" data-element_type=\"widget\" data-e-type=\"widget\" data-widget_type=\"text-editor.default\">\n\t\t\t\t<div class=\"elementor-widget-container\">\n\t\t\t\t\t\t\t\t\t<p>Id\u00e9al pour les centres de r\u00e9paration, les r\u00e9visions CPO et l&rsquo;assemblage en s\u00e9rie.<\/p>\t\t\t\t\t\t\t\t<\/div>\n\t\t\t\t<\/div>\n\t\t\t\t<div class=\"elementor-element elementor-element-de0fbb2 elementor-widget elementor-widget-spacer\" data-id=\"de0fbb2\" data-element_type=\"widget\" data-e-type=\"widget\" data-widget_type=\"spacer.default\">\n\t\t\t\t<div class=\"elementor-widget-container\">\n\t\t\t\t\t\t\t<div class=\"elementor-spacer\">\n\t\t\t<div class=\"elementor-spacer-inner\"><\/div>\n\t\t<\/div>\n\t\t\t\t\t\t<\/div>\n\t\t\t\t<\/div>\n\t\t\t\t<div class=\"elementor-element elementor-element-f96867f elementor-widget__width-auto elementor-widget elementor-widget-button\" data-id=\"f96867f\" data-element_type=\"widget\" data-e-type=\"widget\" data-widget_type=\"button.default\">\n\t\t\t\t<div class=\"elementor-widget-container\">\n\t\t\t\t\t\t\t\t\t<div class=\"elementor-button-wrapper\">\n\t\t\t\t\t<a class=\"elementor-button elementor-button-link elementor-size-sm\" href=\"#\">\n\t\t\t\t\t\t<span class=\"elementor-button-content-wrapper\">\n\t\t\t\t\t\t\t\t\t<span class=\"elementor-button-text\">Plus d'informations<\/span>\n\t\t\t\t\t<\/span>\n\t\t\t\t\t<\/a>\n\t\t\t\t<\/div>\n\t\t\t\t\t\t\t\t<\/div>\n\t\t\t\t<\/div>\n\t\t\t\t<\/div>\n\t\t<div class=\"elementor-element elementor-element-ff5354e e-con-full e-flex e-con e-child\" data-id=\"ff5354e\" data-element_type=\"container\" data-e-type=\"container\" data-settings=\"{&quot;background_background&quot;:&quot;classic&quot;}\">\n\t\t\t\t<\/div>\n\t\t\t\t<\/div>\n\t\t<div class=\"elementor-element elementor-element-5bb0f4a e-con-full elementor-hidden-widescreen e-flex e-con e-parent\" data-id=\"5bb0f4a\" data-element_type=\"container\" data-e-type=\"container\" data-settings=\"{&quot;background_background&quot;:&quot;classic&quot;}\">\n\t\t<div class=\"elementor-element elementor-element-dfd9e33 e-con-full e-flex e-con e-child\" data-id=\"dfd9e33\" data-element_type=\"container\" data-e-type=\"container\" data-settings=\"{&quot;background_background&quot;:&quot;classic&quot;}\">\n\t\t\t\t<div class=\"elementor-element elementor-element-eda5c52 elementor-widget elementor-widget-heading\" data-id=\"eda5c52\" data-element_type=\"widget\" data-e-type=\"widget\" data-widget_type=\"heading.default\">\n\t\t\t\t<div class=\"elementor-widget-container\">\n\t\t\t\t\t<h2 class=\"elementor-heading-title elementor-size-default\">Vers un avenir durable gr\u00e2ce<br>\u00e0 une production innovante<\/h2>\t\t\t\t<\/div>\n\t\t\t\t<\/div>\n\t\t\t\t<div class=\"elementor-element elementor-element-753daf9 elementor-hidden-mobile elementor-widget elementor-widget-heading\" data-id=\"753daf9\" data-element_type=\"widget\" data-e-type=\"widget\" data-widget_type=\"heading.default\">\n\t\t\t\t<div class=\"elementor-widget-container\">\n\t\t\t\t\t<h1 class=\"elementor-heading-title elementor-size-default\">Ind\u00e9pendant du calibre en flux unitaire. <br> Stations de montage semi-automatiques et enti\u00e8rement automatiques s\u00e9quentielles pour mouvements m\u00e9caniques en s\u00e9rie.<\/h1>\t\t\t\t<\/div>\n\t\t\t\t<\/div>\n\t\t\t\t<div class=\"elementor-element elementor-element-f290fda elementor-hidden-widescreen elementor-hidden-desktop elementor-hidden-laptop elementor-hidden-tablet elementor-hidden-tablet_extra elementor-hidden-mobile_extra elementor-widget elementor-widget-heading\" data-id=\"f290fda\" data-element_type=\"widget\" data-e-type=\"widget\" data-widget_type=\"heading.default\">\n\t\t\t\t<div class=\"elementor-widget-container\">\n\t\t\t\t\t<h1 class=\"elementor-heading-title elementor-size-default\">Ind\u00e9pendant du calibre<br>\"One piece flow\".<br>Stations de montage semi-automatiques et enti\u00e8rement automatiques s\u00e9quentielles pour mouvements m\u00e9caniques en s\u00e9rie.<\/h1>\t\t\t\t<\/div>\n\t\t\t\t<\/div>\n\t\t\t\t<div class=\"elementor-element elementor-element-c8567c8 elementor-widget elementor-widget-text-editor\" data-id=\"c8567c8\" data-element_type=\"widget\" data-e-type=\"widget\" data-widget_type=\"text-editor.default\">\n\t\t\t\t<div class=\"elementor-widget-container\">\n\t\t\t\t\t\t\t\t\t<p>Id\u00e9al pour les centres de r\u00e9paration, les r\u00e9visions CPO et le montage en s\u00e9rie.<\/p>\t\t\t\t\t\t\t\t<\/div>\n\t\t\t\t<\/div>\n\t\t\t\t<div class=\"elementor-element elementor-element-2579f1f elementor-widget__width-auto elementor-widget elementor-widget-button\" data-id=\"2579f1f\" data-element_type=\"widget\" data-e-type=\"widget\" data-widget_type=\"button.default\">\n\t\t\t\t<div class=\"elementor-widget-container\">\n\t\t\t\t\t\t\t\t\t<div class=\"elementor-button-wrapper\">\n\t\t\t\t\t<a class=\"elementor-button elementor-button-link elementor-size-sm\" href=\"https:\/\/pgc-technologies.com\/fr\/produits\/ligne-dassemblage-modulaire\/\">\n\t\t\t\t\t\t<span class=\"elementor-button-content-wrapper\">\n\t\t\t\t\t\t\t\t\t<span class=\"elementor-button-text\">Plus d'informations<\/span>\n\t\t\t\t\t<\/span>\n\t\t\t\t\t<\/a>\n\t\t\t\t<\/div>\n\t\t\t\t\t\t\t\t<\/div>\n\t\t\t\t<\/div>\n\t\t\t\t<\/div>\n\t\t<div class=\"elementor-element elementor-element-e8d0c09 e-con-full e-flex e-con e-child\" data-id=\"e8d0c09\" data-element_type=\"container\" data-e-type=\"container\" data-settings=\"{&quot;background_background&quot;:&quot;classic&quot;}\">\n\t\t\t\t<\/div>\n\t\t\t\t<\/div>\n\t\t<div class=\"elementor-element elementor-element-242fa28 elementor-hidden-widescreen e-flex e-con-boxed e-con e-parent\" data-id=\"242fa28\" data-element_type=\"container\" data-e-type=\"container\">\n\t\t\t\t\t<div class=\"e-con-inner\">\n\t\t\t\t<div class=\"elementor-element elementor-element-8ea56ec elementor-widget elementor-widget-menu-anchor\" data-id=\"8ea56ec\" data-element_type=\"widget\" data-e-type=\"widget\" id=\"uber\" data-widget_type=\"menu-anchor.default\">\n\t\t\t\t<div class=\"elementor-widget-container\">\n\t\t\t\t\t\t\t<div class=\"elementor-menu-anchor\" id=\"uber\"><\/div>\n\t\t\t\t\t\t<\/div>\n\t\t\t\t<\/div>\n\t\t\t\t\t<\/div>\n\t\t\t\t<\/div>\n\t\t<div class=\"elementor-element elementor-element-e31e07d elementor-hidden-desktop elementor-hidden-laptop elementor-hidden-tablet_extra elementor-hidden-tablet elementor-hidden-mobile_extra elementor-hidden-mobile e-flex e-con-boxed e-con e-parent\" data-id=\"e31e07d\" data-element_type=\"container\" data-e-type=\"container\" data-settings=\"{&quot;background_background&quot;:&quot;classic&quot;}\">\n\t\t\t\t\t<div class=\"e-con-inner\">\n\t\t\t\t<div class=\"elementor-element elementor-element-71a2f8f elementor-widget elementor-widget-menu-anchor\" data-id=\"71a2f8f\" data-element_type=\"widget\" data-e-type=\"widget\" id=\"uber\" data-widget_type=\"menu-anchor.default\">\n\t\t\t\t<div class=\"elementor-widget-container\">\n\t\t\t\t\t\t\t<div class=\"elementor-menu-anchor\" id=\"uber\"><\/div>\n\t\t\t\t\t\t<\/div>\n\t\t\t\t<\/div>\n\t\t\t\t\t<\/div>\n\t\t\t\t<\/div>\n\t\t<div class=\"elementor-element elementor-element-df60e46 e-con-full e-flex e-con e-parent\" data-id=\"df60e46\" data-element_type=\"container\" data-e-type=\"container\" data-settings=\"{&quot;background_background&quot;:&quot;classic&quot;}\">\n\t\t<div class=\"elementor-element elementor-element-a4f7aea e-con-full e-flex e-con e-child\" data-id=\"a4f7aea\" data-element_type=\"container\" data-e-type=\"container\" data-settings=\"{&quot;background_background&quot;:&quot;classic&quot;}\">\n\t\t\t\t<\/div>\n\t\t<div class=\"elementor-element elementor-element-0ad6e2a e-con-full e-flex e-con e-child\" data-id=\"0ad6e2a\" data-element_type=\"container\" data-e-type=\"container\" data-settings=\"{&quot;background_background&quot;:&quot;classic&quot;}\">\n\t\t\t\t<div class=\"elementor-element elementor-element-421973f elementor-widget elementor-widget-heading\" data-id=\"421973f\" data-element_type=\"widget\" data-e-type=\"widget\" data-widget_type=\"heading.default\">\n\t\t\t\t<div class=\"elementor-widget-container\">\n\t\t\t\t\t<h2 class=\"elementor-heading-title elementor-size-default\">\u00c0 PROPOS DE NOUS<\/h2>\t\t\t\t<\/div>\n\t\t\t\t<\/div>\n\t\t\t\t<div class=\"elementor-element elementor-element-5af09de elementor-widget elementor-widget-text-editor\" data-id=\"5af09de\" data-element_type=\"widget\" data-e-type=\"widget\" data-widget_type=\"text-editor.default\">\n\t\t\t\t<div class=\"elementor-widget-container\">\n\t\t\t\t\t\t\t\t\t<p>PGC Technologies AG est une jeune entreprise qui d\u00e9veloppe des lignes d\u2019assemblage innovantes et des postes de travail automatiques pour le montage et la r\u00e9paration de mouvements pour l\u2019industrie horlog\u00e8re.<\/p><p>Tous nos d\u00e9veloppements reposent sur le principe de monter automatiquement des calibres vari\u00e9s sur une seule ligne et en flux unitaire sans devoir effectuer des r\u00e9glages et des ajustements fastidieux.<\/p><p>Avec la PGC-ML01, nous avons d\u00e9velopp\u00e9 une ligne d&rsquo;assemblage modulaire pour la r\u00e9paration et la r\u00e9vision de mouvements, permettant le montage s\u00e9quentiel par des employ\u00e9s semi-qualifi\u00e9s, tout en huilant, graissant et \u00e9pilament automatiquement les pi\u00e8ces et les mouvements.<\/p>\t\t\t\t\t\t\t\t<\/div>\n\t\t\t\t<\/div>\n\t\t\t\t<\/div>\n\t\t\t\t<\/div>\n\t\t<div class=\"elementor-element elementor-element-e1ea8b4 e-flex e-con-boxed e-con e-parent\" data-id=\"e1ea8b4\" data-element_type=\"container\" data-e-type=\"container\">\n\t\t\t\t\t<div class=\"e-con-inner\">\n\t\t\t\t<div class=\"elementor-element elementor-element-b38859b elementor-widget elementor-widget-menu-anchor\" data-id=\"b38859b\" data-element_type=\"widget\" data-e-type=\"widget\" data-widget_type=\"menu-anchor.default\">\n\t\t\t\t<div class=\"elementor-widget-container\">\n\t\t\t\t\t\t\t<div class=\"elementor-menu-anchor\" id=\"gesch\"><\/div>\n\t\t\t\t\t\t<\/div>\n\t\t\t\t<\/div>\n\t\t\t\t\t<\/div>\n\t\t\t\t<\/div>\n\t\t<div class=\"elementor-element elementor-element-213f219 e-con-full e-flex e-con e-parent\" data-id=\"213f219\" data-element_type=\"container\" data-e-type=\"container\" data-settings=\"{&quot;background_background&quot;:&quot;classic&quot;}\">\n\t\t<div class=\"elementor-element elementor-element-c0c2c0e e-con-full e-flex e-con e-child\" data-id=\"c0c2c0e\" data-element_type=\"container\" data-e-type=\"container\" data-settings=\"{&quot;background_background&quot;:&quot;classic&quot;}\">\n\t\t\t\t<div class=\"elementor-element elementor-element-0a6216d elementor-widget elementor-widget-heading\" data-id=\"0a6216d\" data-element_type=\"widget\" data-e-type=\"widget\" data-widget_type=\"heading.default\">\n\t\t\t\t<div class=\"elementor-widget-container\">\n\t\t\t\t\t<h1 class=\"elementor-heading-title elementor-size-default\">HISTOIRE<\/h1>\t\t\t\t<\/div>\n\t\t\t\t<\/div>\n\t\t\t\t<div class=\"elementor-element elementor-element-9569a04 elementor-widget elementor-widget-text-editor\" data-id=\"9569a04\" data-element_type=\"widget\" data-e-type=\"widget\" data-widget_type=\"text-editor.default\">\n\t\t\t\t<div class=\"elementor-widget-container\">\n\t\t\t\t\t\t\t\t\t<p>PGC Technologies AG est un groupe de sp\u00e9cialistes interdisciplinaires de l&rsquo;industrie horlog\u00e8re qui collaborent depuis plus de 20 ans sur de nombreux projets. De l\u2019analyse et l\u2019am\u00e9lioration des structures et des processus dans des manufactures, en passant par la rationalisation des op\u00e9rations et \u00e0 la r\u00e9alisation de machines sp\u00e9ciales de derni\u00e8re technologie, jusqu&rsquo;au d\u00e9veloppement de nouveaux produits innovants, nous avons contribu\u00e9 \u00e0 la r\u00e9ussite de nombreuses entreprises. En tant qu&rsquo;inventeurs, consultants et managers, nous disposons de 120 ans d&rsquo;exp\u00e9rience dans le secteur.<br><br>Dans le cadre d&rsquo;un mandat client, nous avons \u00e9t\u00e9 confront\u00e9s \u00e0 des probl\u00e8mes typiques de l&rsquo;industrie horlog\u00e8re. Comme l&rsquo;industrie n&rsquo;offrait pas de solutions ad\u00e9quates, nous les avons d\u00e9velopp\u00e9es et r\u00e9alis\u00e9es nous-m\u00eames. Nous avons con\u00e7u des solutions configurables et adaptables \u00e0 des besoins vari\u00e9s.<\/p><p>La ligne d&rsquo;assemblage modulaire ainsi cr\u00e9\u00e9e est utilis\u00e9e dans le service de r\u00e9paration et la r\u00e9vision de montres CPO et est exploit\u00e9e par du personnel semi-qualifi\u00e9. La ligne fonctionne ind\u00e9pendamment du calibre, dispose d&rsquo;un contr\u00f4le automatique de la qualit\u00e9 d&rsquo;assemblage et lubrifie, graisse et \u00e9pilame tous les composants et mouvements au moyen de robots. Le temps et le co\u00fbt d\u2019assemblage sont consid\u00e9rablement r\u00e9duits.<\/p>\t\t\t\t\t\t\t\t<\/div>\n\t\t\t\t<\/div>\n\t\t\t\t<\/div>\n\t\t<div class=\"elementor-element elementor-element-4d2ccf2 e-con-full e-flex e-con e-child\" data-id=\"4d2ccf2\" data-element_type=\"container\" data-e-type=\"container\" data-settings=\"{&quot;background_background&quot;:&quot;classic&quot;}\">\n\t\t\t\t<\/div>\n\t\t\t\t<\/div>\n\t\t<div class=\"elementor-element elementor-element-afb258f e-flex e-con-boxed e-con e-parent\" data-id=\"afb258f\" data-element_type=\"container\" data-e-type=\"container\" data-settings=\"{&quot;background_background&quot;:&quot;classic&quot;}\">\n\t\t\t\t\t<div class=\"e-con-inner\">\n\t\t\t\t<div class=\"elementor-element elementor-element-ce3a5c2 elementor-widget elementor-widget-menu-anchor\" data-id=\"ce3a5c2\" data-element_type=\"widget\" data-e-type=\"widget\" data-widget_type=\"menu-anchor.default\">\n\t\t\t\t<div class=\"elementor-widget-container\">\n\t\t\t\t\t\t\t<div class=\"elementor-menu-anchor\" id=\"vision\"><\/div>\n\t\t\t\t\t\t<\/div>\n\t\t\t\t<\/div>\n\t\t\t\t\t<\/div>\n\t\t\t\t<\/div>\n\t\t<div class=\"elementor-element elementor-element-d06fd92 e-con-full e-flex e-con e-parent\" data-id=\"d06fd92\" data-element_type=\"container\" data-e-type=\"container\" data-settings=\"{&quot;background_background&quot;:&quot;classic&quot;}\">\n\t\t<div class=\"elementor-element elementor-element-29b632b e-con-full e-flex e-con e-child\" data-id=\"29b632b\" data-element_type=\"container\" data-e-type=\"container\" data-settings=\"{&quot;background_background&quot;:&quot;classic&quot;}\">\n\t\t\t\t<\/div>\n\t\t<div class=\"elementor-element elementor-element-f50a9de e-con-full e-flex e-con e-child\" data-id=\"f50a9de\" data-element_type=\"container\" data-e-type=\"container\" data-settings=\"{&quot;background_background&quot;:&quot;classic&quot;}\">\n\t\t\t\t<div class=\"elementor-element elementor-element-367913b elementor-widget elementor-widget-heading\" data-id=\"367913b\" data-element_type=\"widget\" data-e-type=\"widget\" data-widget_type=\"heading.default\">\n\t\t\t\t<div class=\"elementor-widget-container\">\n\t\t\t\t\t<h1 class=\"elementor-heading-title elementor-size-default\">VISION<\/h1>\t\t\t\t<\/div>\n\t\t\t\t<\/div>\n\t\t\t\t<div class=\"elementor-element elementor-element-340fe54 elementor-widget elementor-widget-text-editor\" data-id=\"340fe54\" data-element_type=\"widget\" data-e-type=\"widget\" data-widget_type=\"text-editor.default\">\n\t\t\t\t<div class=\"elementor-widget-container\">\n\t\t\t\t\t\t\t\t\t<p>Nous voulons \u00e9tablir PGC Technologies comme l&rsquo;entreprise leader dans la r\u00e9alisation de lignes d\u2019assemblage en flux unitaire, ind\u00e9pendantes du calibre, pour la production de mouvements et pour des centres de r\u00e9paration.<\/p><p>La r\u00e9duction du temps d\u2019assemblage l\u2019am\u00e9lioration de la qualit\u00e9 de montage et ainsi l\u2019augmentation de la rentabilit\u00e9 sont au centre de nos pr\u00e9occupations.<\/p><p>Nous appliquons le m\u00eame objectif \u00e0 l&rsquo;assemblage s\u00e9quentiel automatique dans la production de mouvements : une meilleure qualit\u00e9 \u00e0 moindre co\u00fbt, associ\u00e9e \u00e0 un retour sur investissement rapide. <\/p>\t\t\t\t\t\t\t\t<\/div>\n\t\t\t\t<\/div>\n\t\t\t\t<\/div>\n\t\t\t\t<\/div>\n\t\t<div class=\"elementor-element elementor-element-09c214c e-flex e-con-boxed e-con e-parent\" data-id=\"09c214c\" data-element_type=\"container\" data-e-type=\"container\">\n\t\t\t\t\t<div class=\"e-con-inner\">\n\t\t\t\t<div class=\"elementor-element elementor-element-84e8d88 elementor-widget elementor-widget-menu-anchor\" data-id=\"84e8d88\" data-element_type=\"widget\" data-e-type=\"widget\" data-widget_type=\"menu-anchor.default\">\n\t\t\t\t<div class=\"elementor-widget-container\">\n\t\t\t\t\t\t\t<div class=\"elementor-menu-anchor\" id=\"mission\"><\/div>\n\t\t\t\t\t\t<\/div>\n\t\t\t\t<\/div>\n\t\t\t\t\t<\/div>\n\t\t\t\t<\/div>\n\t\t<div class=\"elementor-element elementor-element-16ea469 e-con-full e-flex e-con e-parent\" data-id=\"16ea469\" data-element_type=\"container\" data-e-type=\"container\" data-settings=\"{&quot;background_background&quot;:&quot;classic&quot;}\">\n\t\t<div class=\"elementor-element elementor-element-6826a06 e-con-full e-flex e-con e-child\" data-id=\"6826a06\" data-element_type=\"container\" data-e-type=\"container\" data-settings=\"{&quot;background_background&quot;:&quot;classic&quot;}\">\n\t\t\t\t<div class=\"elementor-element elementor-element-98b3f13 elementor-widget elementor-widget-heading\" data-id=\"98b3f13\" data-element_type=\"widget\" data-e-type=\"widget\" data-widget_type=\"heading.default\">\n\t\t\t\t<div class=\"elementor-widget-container\">\n\t\t\t\t\t<h1 class=\"elementor-heading-title elementor-size-default\">MISSION<\/h1>\t\t\t\t<\/div>\n\t\t\t\t<\/div>\n\t\t\t\t<div class=\"elementor-element elementor-element-643cd89 elementor-widget elementor-widget-text-editor\" data-id=\"643cd89\" data-element_type=\"widget\" data-e-type=\"widget\" data-widget_type=\"text-editor.default\">\n\t\t\t\t<div class=\"elementor-widget-container\">\n\t\t\t\t\t\t\t\t\t<p>Nous combinons le savoir-faire traditionnel avec les technologies les plus r\u00e9centes pour cr\u00e9er des solutions innovantes et uniques, toujours parfaitement adapt\u00e9es aux besoins sp\u00e9cifiques de nos clients tout au long de la cha\u00eene de valeur.<\/p><p>Nous r\u00e9alisons des lignes de montage ind\u00e9pendantes du calibre, qui contr\u00f4lent automatiquement le montage et la pr\u00e9cision de marche et effectuent la lubrification automatique avec des huiles, des graisses et de l&rsquo;\u00e9pilame au moyen de robots. <\/p>\t\t\t\t\t\t\t\t<\/div>\n\t\t\t\t<\/div>\n\t\t\t\t<\/div>\n\t\t<div class=\"elementor-element elementor-element-2e178f2 e-con-full e-flex e-con e-child\" data-id=\"2e178f2\" data-element_type=\"container\" data-e-type=\"container\" data-settings=\"{&quot;background_background&quot;:&quot;classic&quot;}\">\n\t\t\t\t<\/div>\n\t\t\t\t<\/div>\n\t\t<div class=\"elementor-element elementor-element-bfac8a4 e-flex e-con-boxed e-con e-parent\" data-id=\"bfac8a4\" data-element_type=\"container\" data-e-type=\"container\">\n\t\t\t\t\t<div class=\"e-con-inner\">\n\t\t\t\t\t<\/div>\n\t\t\t\t<\/div>\n\t\t\t\t<\/div>\n\t\t","protected":false},"excerpt":{"rendered":"<p>Vers un avenir durable gr\u00e2ce \u00e0 une production innovante Ind\u00e9pendant du calibre en flux unitaire. Stations d&rsquo;assemblage s\u00e9quentielle semi-automatiques et enti\u00e8rement automatiques pour mouvements m\u00e9caniques. Id\u00e9al pour les centres de r\u00e9paration, les r\u00e9visions CPO et l&rsquo;assemblage en s\u00e9rie. Plus d&rsquo;informations Vers un avenir durable gr\u00e2ce\u00e0 une production innovante Ind\u00e9pendant du calibre en flux unitaire. Stations [&hellip;]<\/p>\n","protected":false},"author":2,"featured_media":0,"parent":0,"menu_order":0,"comment_status":"closed","ping_status":"closed","template":"","meta":{"footnotes":""},"class_list":["post-2662","page","type-page","status-publish","hentry"],"_links":{"self":[{"href":"https:\/\/pgc-technologies.com\/fr\/wp-json\/wp\/v2\/pages\/2662","targetHints":{"allow":["GET"]}}],"collection":[{"href":"https:\/\/pgc-technologies.com\/fr\/wp-json\/wp\/v2\/pages"}],"about":[{"href":"https:\/\/pgc-technologies.com\/fr\/wp-json\/wp\/v2\/types\/page"}],"author":[{"embeddable":true,"href":"https:\/\/pgc-technologies.com\/fr\/wp-json\/wp\/v2\/users\/2"}],"replies":[{"embeddable":true,"href":"https:\/\/pgc-technologies.com\/fr\/wp-json\/wp\/v2\/comments?post=2662"}],"version-history":[{"count":5,"href":"https:\/\/pgc-technologies.com\/fr\/wp-json\/wp\/v2\/pages\/2662\/revisions"}],"predecessor-version":[{"id":4379,"href":"https:\/\/pgc-technologies.com\/fr\/wp-json\/wp\/v2\/pages\/2662\/revisions\/4379"}],"wp:attachment":[{"href":"https:\/\/pgc-technologies.com\/fr\/wp-json\/wp\/v2\/media?parent=2662"}],"curies":[{"name":"wp","href":"https:\/\/api.w.org\/{rel}","templated":true}]}}