{"id":2652,"date":"2024-10-02T05:58:01","date_gmt":"2024-10-02T05:58:01","guid":{"rendered":"https:\/\/pgc-technologies.com\/donnees-de-position-interface-logicielle\/"},"modified":"2025-06-05T11:05:37","modified_gmt":"2025-06-05T11:05:37","slug":"donnees-de-position-interface-logicielle","status":"publish","type":"page","link":"https:\/\/pgc-technologies.com\/fr\/services\/donnees-de-position-interface-logicielle\/","title":{"rendered":"Donn\u00e9es de position \/ Interface logicielle"},"content":{"rendered":"\t\t<div data-elementor-type=\"wp-page\" data-elementor-id=\"2652\" class=\"elementor elementor-2652 elementor-1596\" data-elementor-post-type=\"page\">\n\t\t\t\t<div class=\"elementor-element elementor-element-4a68f203 e-flex e-con-boxed e-con e-parent\" data-id=\"4a68f203\" data-element_type=\"container\" data-e-type=\"container\" data-settings=\"{&quot;background_background&quot;:&quot;classic&quot;}\">\n\t\t\t\t\t<div class=\"e-con-inner\">\n\t\t<div class=\"elementor-element elementor-element-579f7daf e-con-full e-flex e-con e-child\" data-id=\"579f7daf\" data-element_type=\"container\" data-e-type=\"container\">\n\t\t\t\t<div class=\"elementor-element elementor-element-29ca8113 elementor-widget elementor-widget-heading\" data-id=\"29ca8113\" data-element_type=\"widget\" data-e-type=\"widget\" data-widget_type=\"heading.default\">\n\t\t\t\t<div class=\"elementor-widget-container\">\n\t\t\t\t\t<h1 class=\"elementor-heading-title elementor-size-default\">D\u00e9tection automatique de toutes les positions X, Y, Z de tous les composants et \u00e9tapes de montage du mouvement pour le robot d' huilage et la ligne de montage pour les nouveaux calibres, y compris le logiciel de contr\u00f4le.<\/h1>\t\t\t\t<\/div>\n\t\t\t\t<\/div>\n\t\t<div class=\"elementor-element elementor-element-2e14f201 e-con-full e-flex e-con e-child\" data-id=\"2e14f201\" data-element_type=\"container\" data-e-type=\"container\">\n\t\t\t\t<div class=\"elementor-element elementor-element-4265e881 elementor-widget elementor-widget-text-editor\" data-id=\"4265e881\" data-element_type=\"widget\" data-e-type=\"widget\" data-widget_type=\"text-editor.default\">\n\t\t\t\t<div class=\"elementor-widget-container\">\n\t\t\t\t\t\t\t\t\t<p>Vous souhaitez int\u00e9grer un nouveau calibre sur la ligne de montage ou dans l&rsquo;unit\u00e9 d\u2019huilage automatique. Nous d\u00e9terminons pour vous, en quelques jours, toutes les positions X, Y, Z pour le contr\u00f4le des robots d\u2019huilage pour l&rsquo; huilage automatique des composants ou sur le mouvement avec une pr\u00e9cision de +\/- 0,01mm.<\/p><p>Nous g\u00e9n\u00e9rons le logiciel n\u00e9cessaire qui contr\u00f4le les diff\u00e9rents distributeurs du robot. Cela permet d&rsquo;approcher automatiquement les bons points du nouveau calibre. De plus, une pr\u00e9-v\u00e9rification est int\u00e9gr\u00e9e dans le programme, c&rsquo;est-\u00e0-dire que lorsque le nouveau mouvement arrive pour l\u2019huilage, sa hauteur r\u00e9elle est v\u00e9rifi\u00e9e \u00e0 nouveau et corrig\u00e9e automatiquement en cas de d\u00e9viations de +\/- 0,01 mm.<\/p><p>Pour vous, un nouveau calibre de montre sur la ligne de montage ne n\u00e9cessite aucun effort de montage suppl\u00e9mentaire.<\/p>\t\t\t\t\t\t\t\t<\/div>\n\t\t\t\t<\/div>\n\t\t\t\t<\/div>\n\t\t\t\t<\/div>\n\t\t\t\t\t<\/div>\n\t\t\t\t<\/div>\n\t\t<div class=\"elementor-element elementor-element-077fc20 e-flex e-con-boxed e-con e-parent\" data-id=\"077fc20\" data-element_type=\"container\" data-e-type=\"container\" data-settings=\"{&quot;background_background&quot;:&quot;classic&quot;}\">\n\t\t\t\t\t<div class=\"e-con-inner\">\n\t\t<div class=\"elementor-element elementor-element-bd56246 e-con-full e-flex e-con e-child\" data-id=\"bd56246\" data-element_type=\"container\" data-e-type=\"container\">\n\t\t\t\t<div class=\"elementor-element elementor-element-05d8d21 elementor-widget elementor-widget-image\" data-id=\"05d8d21\" data-element_type=\"widget\" data-e-type=\"widget\" data-widget_type=\"image.default\">\n\t\t\t\t<div class=\"elementor-widget-container\">\n\t\t\t\t\t\t\t\t\t\t\t\t\t\t\t<img fetchpriority=\"high\" decoding=\"async\" width=\"777\" height=\"1152\" src=\"https:\/\/pgc-technologies.com\/wp-content\/uploads\/2025\/04\/positionsdaten-softwareschnittstelle.png\" class=\"attachment-full size-full wp-image-2684\" alt=\"Positionierung, PGC Technologies AG\" srcset=\"https:\/\/pgc-technologies.com\/wp-content\/uploads\/2025\/04\/positionsdaten-softwareschnittstelle.png 777w, https:\/\/pgc-technologies.com\/wp-content\/uploads\/2025\/04\/positionsdaten-softwareschnittstelle-202x300.png 202w, https:\/\/pgc-technologies.com\/wp-content\/uploads\/2025\/04\/positionsdaten-softwareschnittstelle-691x1024.png 691w, https:\/\/pgc-technologies.com\/wp-content\/uploads\/2025\/04\/positionsdaten-softwareschnittstelle-768x1139.png 768w\" sizes=\"(max-width: 777px) 100vw, 777px\" \/>\t\t\t\t\t\t\t\t\t\t\t\t\t\t\t<\/div>\n\t\t\t\t<\/div>\n\t\t\t\t<\/div>\n\t\t\t\t\t<\/div>\n\t\t\t\t<\/div>\n\t\t\t\t<\/div>\n\t\t","protected":false},"excerpt":{"rendered":"<p>D\u00e9tection automatique de toutes les positions X, Y, Z de tous les composants et \u00e9tapes de montage du mouvement pour le robot d&rsquo; huilage et la ligne de montage pour les nouveaux calibres, y compris le logiciel de contr\u00f4le. Vous souhaitez int\u00e9grer un nouveau calibre sur la ligne de montage ou dans l&rsquo;unit\u00e9 d\u2019huilage automatique. [&hellip;]<\/p>\n","protected":false},"author":2,"featured_media":0,"parent":2787,"menu_order":0,"comment_status":"closed","ping_status":"closed","template":"","meta":{"footnotes":""},"class_list":["post-2652","page","type-page","status-publish","hentry"],"_links":{"self":[{"href":"https:\/\/pgc-technologies.com\/fr\/wp-json\/wp\/v2\/pages\/2652","targetHints":{"allow":["GET"]}}],"collection":[{"href":"https:\/\/pgc-technologies.com\/fr\/wp-json\/wp\/v2\/pages"}],"about":[{"href":"https:\/\/pgc-technologies.com\/fr\/wp-json\/wp\/v2\/types\/page"}],"author":[{"embeddable":true,"href":"https:\/\/pgc-technologies.com\/fr\/wp-json\/wp\/v2\/users\/2"}],"replies":[{"embeddable":true,"href":"https:\/\/pgc-technologies.com\/fr\/wp-json\/wp\/v2\/comments?post=2652"}],"version-history":[{"count":5,"href":"https:\/\/pgc-technologies.com\/fr\/wp-json\/wp\/v2\/pages\/2652\/revisions"}],"predecessor-version":[{"id":4417,"href":"https:\/\/pgc-technologies.com\/fr\/wp-json\/wp\/v2\/pages\/2652\/revisions\/4417"}],"up":[{"embeddable":true,"href":"https:\/\/pgc-technologies.com\/fr\/wp-json\/wp\/v2\/pages\/2787"}],"wp:attachment":[{"href":"https:\/\/pgc-technologies.com\/fr\/wp-json\/wp\/v2\/media?parent=2652"}],"curies":[{"name":"wp","href":"https:\/\/api.w.org\/{rel}","templated":true}]}}